{"id":793,"date":"2019-03-18T11:33:31","date_gmt":"2019-03-18T10:33:31","guid":{"rendered":"https:\/\/www.measure2bim.eu\/kontakt\/"},"modified":"2024-04-30T10:48:34","modified_gmt":"2024-04-30T08:48:34","slug":"contact","status":"publish","type":"page","link":"https:\/\/www.measure2bim.eu\/en\/contact\/","title":{"rendered":"Contact"},"content":{"rendered":"\t\t<div data-elementor-type=\"wp-post\" data-elementor-id=\"793\" class=\"elementor elementor-793 elementor-53\" data-elementor-post-type=\"page\">\n\t\t\t\t\t\t<section class=\"elementor-section elementor-top-section elementor-element elementor-element-6108a69 elementor-section-height-min-height elementor-section-boxed elementor-section-height-default elementor-section-items-middle\" data-id=\"6108a69\" data-element_type=\"section\" data-e-type=\"section\" data-settings=\"{&quot;background_background&quot;:&quot;classic&quot;}\">\n\t\t\t\t\t\t\t<div class=\"elementor-background-overlay\"><\/div>\n\t\t\t\t\t\t\t<div class=\"elementor-container elementor-column-gap-default\">\n\t\t\t\t\t<div class=\"elementor-column elementor-col-100 elementor-top-column elementor-element elementor-element-922b076\" data-id=\"922b076\" data-element_type=\"column\" data-e-type=\"column\">\n\t\t\t<div class=\"elementor-widget-wrap elementor-element-populated\">\n\t\t\t\t\t\t<div class=\"elementor-element elementor-element-c8551e7 elementor-widget elementor-widget-heading\" data-id=\"c8551e7\" data-element_type=\"widget\" data-e-type=\"widget\" data-widget_type=\"heading.default\">\n\t\t\t\t<div class=\"elementor-widget-container\">\n\t\t\t\t\t<h2 class=\"elementor-heading-title elementor-size-default\">Contact<\/h2>\t\t\t\t<\/div>\n\t\t\t\t<\/div>\n\t\t\t\t\t<\/div>\n\t\t<\/div>\n\t\t\t\t\t<\/div>\n\t\t<\/section>\n\t\t\t\t<section class=\"elementor-section elementor-top-section elementor-element elementor-element-4483f6e elementor-section-boxed elementor-section-height-default elementor-section-height-default\" data-id=\"4483f6e\" data-element_type=\"section\" data-e-type=\"section\">\n\t\t\t\t\t\t<div class=\"elementor-container elementor-column-gap-default\">\n\t\t\t\t\t<div class=\"elementor-column elementor-col-50 elementor-top-column elementor-element elementor-element-34db8ff\" data-id=\"34db8ff\" data-element_type=\"column\" data-e-type=\"column\">\n\t\t\t<div class=\"elementor-widget-wrap elementor-element-populated\">\n\t\t\t\t\t\t<div class=\"elementor-element elementor-element-7f1518d elementor-widget elementor-widget-heading\" data-id=\"7f1518d\" data-element_type=\"widget\" data-e-type=\"widget\" data-widget_type=\"heading.default\">\n\t\t\t\t<div class=\"elementor-widget-container\">\n\t\t\t\t\t<h2 class=\"elementor-heading-title elementor-size-default\">Company Address<\/h2>\t\t\t\t<\/div>\n\t\t\t\t<\/div>\n\t\t\t\t<div class=\"elementor-element elementor-element-06de9b2 elementor-widget elementor-widget-text-editor\" data-id=\"06de9b2\" data-element_type=\"widget\" data-e-type=\"widget\" data-widget_type=\"text-editor.default\">\n\t\t\t\t<div class=\"elementor-widget-container\">\n\t\t\t\t\t\t\t\t\t<p>GEOTON CZ, s.r.o.<br \/>Divi\u0161ovsk\u00e1 2305\/24<br \/>149 00 Prague<br \/>Czechia<\/p><p>IN: 27947629<\/p><p>VAT: CZ27947629<\/p>\t\t\t\t\t\t\t\t<\/div>\n\t\t\t\t<\/div>\n\t\t\t\t<div class=\"elementor-element elementor-element-f52f831 elementor-widget-divider--view-line elementor-widget elementor-widget-divider\" data-id=\"f52f831\" data-element_type=\"widget\" data-e-type=\"widget\" data-widget_type=\"divider.default\">\n\t\t\t\t<div class=\"elementor-widget-container\">\n\t\t\t\t\t\t\t<div class=\"elementor-divider\">\n\t\t\t<span class=\"elementor-divider-separator\">\n\t\t\t\t\t\t<\/span>\n\t\t<\/div>\n\t\t\t\t\t\t<\/div>\n\t\t\t\t<\/div>\n\t\t\t\t<div class=\"elementor-element elementor-element-da440ba elementor-widget elementor-widget-text-editor\" data-id=\"da440ba\" data-element_type=\"widget\" data-e-type=\"widget\" data-widget_type=\"text-editor.default\">\n\t\t\t\t<div class=\"elementor-widget-container\">\n\t\t\t\t\t\t\t\t\tTel.:<span style=\"color: #75bd37;\"><strong>+420 774 766 441<\/strong><\/span><br>\nE-mail: <strong><a style=\"color: #75bd37;\" href=\"mailto:info@measure2bim.eu\" target=\"\">info@measure2bim.eu<\/a><\/strong>\t\t\t\t\t\t\t\t<\/div>\n\t\t\t\t<\/div>\n\t\t\t\t\t<\/div>\n\t\t<\/div>\n\t\t\t\t<div class=\"elementor-column elementor-col-50 elementor-top-column elementor-element elementor-element-ff63f19\" data-id=\"ff63f19\" data-element_type=\"column\" data-e-type=\"column\">\n\t\t\t<div class=\"elementor-widget-wrap elementor-element-populated\">\n\t\t\t\t\t\t<div class=\"elementor-element elementor-element-ff32ba2 elementor-button-align-start elementor-widget elementor-widget-form\" data-id=\"ff32ba2\" data-element_type=\"widget\" data-e-type=\"widget\" data-settings=\"{&quot;step_next_label&quot;:&quot;Next&quot;,&quot;step_previous_label&quot;:&quot;Previous&quot;,&quot;button_width&quot;:&quot;100&quot;,&quot;step_type&quot;:&quot;number_text&quot;,&quot;step_icon_shape&quot;:&quot;circle&quot;}\" data-widget_type=\"form.default\">\n\t\t\t\t<div class=\"elementor-widget-container\">\n\t\t\t\t\t\t\t<form class=\"elementor-form\" method=\"post\" name=\"M\u00e1te dotaz\" aria-label=\"M\u00e1te dotaz\">\n\t\t\t<input type=\"hidden\" name=\"post_id\" value=\"793\"\/>\n\t\t\t<input type=\"hidden\" name=\"form_id\" value=\"ff32ba2\"\/>\n\t\t\t<input type=\"hidden\" name=\"referer_title\" value=\"Contact - Measure2BIM\" \/>\n\n\t\t\t\t\t\t\t<input type=\"hidden\" name=\"queried_id\" value=\"793\"\/>\n\t\t\t\n\t\t\t<div class=\"elementor-form-fields-wrapper elementor-labels-above\">\n\t\t\t\t\t\t\t\t<div class=\"elementor-field-type-text elementor-field-group elementor-column elementor-field-group-name elementor-col-100 elementor-field-required elementor-mark-required\">\n\t\t\t\t\t\t\t\t\t\t\t\t<label for=\"form-field-name\" class=\"elementor-field-label\">\n\t\t\t\t\t\t\t\tName\t\t\t\t\t\t\t<\/label>\n\t\t\t\t\t\t\t\t\t\t\t\t\t\t<input size=\"1\" type=\"text\" name=\"form_fields[name]\" id=\"form-field-name\" class=\"elementor-field elementor-size-sm  elementor-field-textual\" required=\"required\">\n\t\t\t\t\t\t\t\t\t\t\t<\/div>\n\t\t\t\t\t\t\t\t<div class=\"elementor-field-type-email elementor-field-group elementor-column elementor-field-group-email elementor-col-100 elementor-field-required elementor-mark-required\">\n\t\t\t\t\t\t\t\t\t\t\t\t<label for=\"form-field-email\" class=\"elementor-field-label\">\n\t\t\t\t\t\t\t\tE-mail\t\t\t\t\t\t\t<\/label>\n\t\t\t\t\t\t\t\t\t\t\t\t\t\t<input size=\"1\" type=\"email\" name=\"form_fields[email]\" id=\"form-field-email\" class=\"elementor-field elementor-size-sm  elementor-field-textual\" required=\"required\">\n\t\t\t\t\t\t\t\t\t\t\t<\/div>\n\t\t\t\t\t\t\t\t<div class=\"elementor-field-type-textarea elementor-field-group elementor-column elementor-field-group-message elementor-col-100\">\n\t\t\t\t\t\t\t\t\t\t\t\t<label for=\"form-field-message\" class=\"elementor-field-label\">\n\t\t\t\t\t\t\t\tMessage\t\t\t\t\t\t\t<\/label>\n\t\t\t\t\t\t<textarea class=\"elementor-field-textual elementor-field  elementor-size-sm\" name=\"form_fields[message]\" id=\"form-field-message\" rows=\"6\"><\/textarea>\t\t\t\t<\/div>\n\t\t\t\t\t\t\t\t<div class=\"elementor-field-type-acceptance elementor-field-group elementor-column elementor-field-group-souhlas elementor-col-100 elementor-field-required elementor-mark-required\">\n\t\t\t\t\t\t\t<div class=\"elementor-field-subgroup\">\n\t\t\t<span class=\"elementor-field-option\">\n\t\t\t\t<input type=\"checkbox\" name=\"form_fields[souhlas]\" id=\"form-field-souhlas\" class=\"elementor-field elementor-size-sm  elementor-acceptance-field\" required=\"required\">\n\t\t\t\t<label for=\"form-field-souhlas\">I accept the <a style=\"color: #75bd37; \" href=\"https:\/\/www.measure2bim.eu\/en\/privacy-cookie-policy\/\">Terms and Conditions<\/a>.<a style=\"color:red;\">*<\/a><\/label>\t\t\t<\/span>\n\t\t<\/div>\n\t\t\t\t\t\t<\/div>\n\t\t\t\t\t\t\t\t<div class=\"elementor-field-type-recaptcha elementor-field-group elementor-column elementor-field-group-field_78a957f elementor-col-100\">\n\t\t\t\t\t<div class=\"elementor-field\" id=\"form-field-field_78a957f\"><div class=\"elementor-g-recaptcha\" data-sitekey=\"6LcVBd0eAAAAAMa6ZAzZeLdHT0wwPKXQIL10u4UV\" data-type=\"v2_checkbox\" data-theme=\"light\" data-size=\"normal\"><\/div><\/div>\t\t\t\t<\/div>\n\t\t\t\t\t\t\t\t<div class=\"elementor-field-group elementor-column elementor-field-type-submit elementor-col-100 e-form__buttons\">\n\t\t\t\t\t<button class=\"elementor-button elementor-size-sm elementor-animation-grow\" type=\"submit\">\n\t\t\t\t\t\t<span class=\"elementor-button-content-wrapper\">\n\t\t\t\t\t\t\t\t\t\t\t\t\t\t\t\t\t\t\t\t\t\t<span class=\"elementor-button-text\">Odeslat<\/span>\n\t\t\t\t\t\t\t\t\t\t\t\t\t<\/span>\n\t\t\t\t\t<\/button>\n\t\t\t\t<\/div>\n\t\t\t<\/div>\n\t\t<\/form>\n\t\t\t\t\t\t<\/div>\n\t\t\t\t<\/div>\n\t\t\t\t<section class=\"elementor-section elementor-inner-section elementor-element elementor-element-023ab91 elementor-section-boxed elementor-section-height-default elementor-section-height-default\" data-id=\"023ab91\" data-element_type=\"section\" data-e-type=\"section\">\n\t\t\t\t\t\t<div class=\"elementor-container elementor-column-gap-default\">\n\t\t\t\t\t<div class=\"elementor-column elementor-col-100 elementor-inner-column elementor-element elementor-element-ecb73b6\" data-id=\"ecb73b6\" data-element_type=\"column\" data-e-type=\"column\">\n\t\t\t<div class=\"elementor-widget-wrap\">\n\t\t\t\t\t\t\t<\/div>\n\t\t<\/div>\n\t\t\t\t\t<\/div>\n\t\t<\/section>\n\t\t\t\t\t<\/div>\n\t\t<\/div>\n\t\t\t\t\t<\/div>\n\t\t<\/section>\n\t\t\t\t<section class=\"elementor-section elementor-top-section elementor-element elementor-element-58d5e56 elementor-section-full_width elementor-section-height-default elementor-section-height-default\" data-id=\"58d5e56\" data-element_type=\"section\" data-e-type=\"section\">\n\t\t\t\t\t\t<div class=\"elementor-container elementor-column-gap-default\">\n\t\t\t\t\t<div class=\"elementor-column elementor-col-100 elementor-top-column elementor-element elementor-element-3b4ba81\" data-id=\"3b4ba81\" data-element_type=\"column\" data-e-type=\"column\">\n\t\t\t<div class=\"elementor-widget-wrap elementor-element-populated\">\n\t\t\t\t\t\t<div class=\"elementor-element elementor-element-8ae665d elementor-widget elementor-widget-google_maps\" data-id=\"8ae665d\" data-element_type=\"widget\" data-e-type=\"widget\" data-widget_type=\"google_maps.default\">\n\t\t\t\t<div class=\"elementor-widget-container\">\n\t\t\t\t\t\t\t<div class=\"elementor-custom-embed\">\n\t\t\t<iframe loading=\"lazy\"\n\t\t\t\t\tsrc=\"https:\/\/maps.google.com\/maps?q=Praha%2C%20Divi%C5%A1ovsk%C3%A1%202305%2F24&#038;t=m&#038;z=5&#038;output=embed&#038;iwloc=near\"\n\t\t\t\t\ttitle=\"Praha, Divi\u0161ovsk\u00e1 2305\/24\"\n\t\t\t\t\taria-label=\"Praha, Divi\u0161ovsk\u00e1 2305\/24\"\n\t\t\t><\/iframe>\n\t\t<\/div>\n\t\t\t\t\t\t<\/div>\n\t\t\t\t<\/div>\n\t\t\t\t\t<\/div>\n\t\t<\/div>\n\t\t\t\t\t<\/div>\n\t\t<\/section>\n\t\t\t\t<\/div>\n\t\t","protected":false},"excerpt":{"rendered":"<p class=\"excerpt\">Contact Company Address GEOTON CZ, s.r.o.Divi\u0161ovsk\u00e1 2305\/24149 00 PragueCzechia IN: 27947629 VAT: CZ27947629 Tel.:+420 774 766 441 E-mail: info@measure2bim.eu<\/p>\n","protected":false},"author":5,"featured_media":0,"parent":0,"menu_order":0,"comment_status":"closed","ping_status":"closed","template":"template-blank.php","meta":{"footnotes":""},"class_list":["post-793","page","type-page","status-publish","hentry"],"yoast_head":"<!-- This site is optimized with the Yoast SEO plugin v22.1 - https:\/\/yoast.com\/wordpress\/plugins\/seo\/ -->\n<title>Contact - Measure2BIM<\/title>\n<meta name=\"description\" content=\"PRAGUE HEADQUARTERS GEOTON CZ, s.r.o.Divi\u0161ovsk\u00e1 2305\/24149 00 Prague Czech Republic\" \/>\n<meta name=\"robots\" content=\"index, follow, max-snippet:-1, max-image-preview:large, max-video-preview:-1\" \/>\n<link rel=\"canonical\" href=\"https:\/\/www.measure2bim.eu\/kontakt\/\" \/>\n<meta property=\"og:locale\" content=\"en_US\" \/>\n<meta property=\"og:type\" content=\"article\" \/>\n<meta property=\"og:title\" content=\"Contact - Measure2BIM\" \/>\n<meta property=\"og:description\" content=\"PRAGUE HEADQUARTERS GEOTON CZ, s.r.o.Divi\u0161ovsk\u00e1 2305\/24149 00 Prague Czech Republic\" \/>\n<meta property=\"og:url\" content=\"https:\/\/www.measure2bim.eu\/kontakt\/\" \/>\n<meta property=\"og:site_name\" content=\"Measure2BIM\" \/>\n<meta property=\"article:publisher\" content=\"https:\/\/www.facebook.com\/measure2BIM\/\" \/>\n<meta property=\"article:modified_time\" content=\"2024-04-30T08:48:34+00:00\" \/>\n<meta name=\"twitter:card\" content=\"summary_large_image\" \/>\n<meta name=\"twitter:label1\" content=\"Est. reading time\" \/>\n\t<meta name=\"twitter:data1\" content=\"1 minute\" \/>\n<script type=\"application\/ld+json\" class=\"yoast-schema-graph\">{\"@context\":\"https:\/\/schema.org\",\"@graph\":[{\"@type\":\"WebPage\",\"@id\":\"https:\/\/www.measure2bim.eu\/kontakt\/\",\"url\":\"https:\/\/www.measure2bim.eu\/kontakt\/\",\"name\":\"Contact - Measure2BIM\",\"isPartOf\":{\"@id\":\"https:\/\/www.measure2bim.eu\/#website\"},\"datePublished\":\"2019-03-18T10:33:31+00:00\",\"dateModified\":\"2024-04-30T08:48:34+00:00\",\"description\":\"PRAGUE HEADQUARTERS GEOTON CZ, s.r.o.Divi\u0161ovsk\u00e1 2305\/24149 00 Prague Czech Republic\",\"breadcrumb\":{\"@id\":\"https:\/\/www.measure2bim.eu\/kontakt\/#breadcrumb\"},\"inLanguage\":\"en-US\",\"potentialAction\":[{\"@type\":\"ReadAction\",\"target\":[\"https:\/\/www.measure2bim.eu\/kontakt\/\"]}]},{\"@type\":\"BreadcrumbList\",\"@id\":\"https:\/\/www.measure2bim.eu\/kontakt\/#breadcrumb\",\"itemListElement\":[{\"@type\":\"ListItem\",\"position\":1,\"name\":\"\u00davod\",\"item\":\"http:\/\/www.measure2bim.eu\/en\/\"},{\"@type\":\"ListItem\",\"position\":2,\"name\":\"Contact\"}]},{\"@type\":\"WebSite\",\"@id\":\"https:\/\/www.measure2bim.eu\/#website\",\"url\":\"https:\/\/www.measure2bim.eu\/\",\"name\":\"Measure2BIM\",\"description\":\"Specialist\u00e9 na 3D skenov\u00e1n\u00ed a BIM\",\"potentialAction\":[{\"@type\":\"SearchAction\",\"target\":{\"@type\":\"EntryPoint\",\"urlTemplate\":\"https:\/\/www.measure2bim.eu\/?s={search_term_string}\"},\"query-input\":\"required name=search_term_string\"}],\"inLanguage\":\"en-US\"}]}<\/script>\n<!-- \/ Yoast SEO plugin. -->","yoast_head_json":{"title":"Contact - Measure2BIM","description":"PRAGUE HEADQUARTERS GEOTON CZ, s.r.o.Divi\u0161ovsk\u00e1 2305\/24149 00 Prague Czech Republic","robots":{"index":"index","follow":"follow","max-snippet":"max-snippet:-1","max-image-preview":"max-image-preview:large","max-video-preview":"max-video-preview:-1"},"canonical":"https:\/\/www.measure2bim.eu\/kontakt\/","og_locale":"en_US","og_type":"article","og_title":"Contact - Measure2BIM","og_description":"PRAGUE HEADQUARTERS GEOTON CZ, s.r.o.Divi\u0161ovsk\u00e1 2305\/24149 00 Prague Czech Republic","og_url":"https:\/\/www.measure2bim.eu\/kontakt\/","og_site_name":"Measure2BIM","article_publisher":"https:\/\/www.facebook.com\/measure2BIM\/","article_modified_time":"2024-04-30T08:48:34+00:00","twitter_card":"summary_large_image","twitter_misc":{"Est. reading time":"1 minute"},"schema":{"@context":"https:\/\/schema.org","@graph":[{"@type":"WebPage","@id":"https:\/\/www.measure2bim.eu\/kontakt\/","url":"https:\/\/www.measure2bim.eu\/kontakt\/","name":"Contact - Measure2BIM","isPartOf":{"@id":"https:\/\/www.measure2bim.eu\/#website"},"datePublished":"2019-03-18T10:33:31+00:00","dateModified":"2024-04-30T08:48:34+00:00","description":"PRAGUE HEADQUARTERS GEOTON CZ, s.r.o.Divi\u0161ovsk\u00e1 2305\/24149 00 Prague Czech Republic","breadcrumb":{"@id":"https:\/\/www.measure2bim.eu\/kontakt\/#breadcrumb"},"inLanguage":"en-US","potentialAction":[{"@type":"ReadAction","target":["https:\/\/www.measure2bim.eu\/kontakt\/"]}]},{"@type":"BreadcrumbList","@id":"https:\/\/www.measure2bim.eu\/kontakt\/#breadcrumb","itemListElement":[{"@type":"ListItem","position":1,"name":"\u00davod","item":"http:\/\/www.measure2bim.eu\/en\/"},{"@type":"ListItem","position":2,"name":"Contact"}]},{"@type":"WebSite","@id":"https:\/\/www.measure2bim.eu\/#website","url":"https:\/\/www.measure2bim.eu\/","name":"Measure2BIM","description":"Specialist\u00e9 na 3D skenov\u00e1n\u00ed a BIM","potentialAction":[{"@type":"SearchAction","target":{"@type":"EntryPoint","urlTemplate":"https:\/\/www.measure2bim.eu\/?s={search_term_string}"},"query-input":"required name=search_term_string"}],"inLanguage":"en-US"}]}},"_links":{"self":[{"href":"https:\/\/www.measure2bim.eu\/en\/wp-json\/wp\/v2\/pages\/793","targetHints":{"allow":["GET"]}}],"collection":[{"href":"https:\/\/www.measure2bim.eu\/en\/wp-json\/wp\/v2\/pages"}],"about":[{"href":"https:\/\/www.measure2bim.eu\/en\/wp-json\/wp\/v2\/types\/page"}],"author":[{"embeddable":true,"href":"https:\/\/www.measure2bim.eu\/en\/wp-json\/wp\/v2\/users\/5"}],"replies":[{"embeddable":true,"href":"https:\/\/www.measure2bim.eu\/en\/wp-json\/wp\/v2\/comments?post=793"}],"version-history":[{"count":63,"href":"https:\/\/www.measure2bim.eu\/en\/wp-json\/wp\/v2\/pages\/793\/revisions"}],"predecessor-version":[{"id":7887,"href":"https:\/\/www.measure2bim.eu\/en\/wp-json\/wp\/v2\/pages\/793\/revisions\/7887"}],"wp:attachment":[{"href":"https:\/\/www.measure2bim.eu\/en\/wp-json\/wp\/v2\/media?parent=793"}],"curies":[{"name":"wp","href":"https:\/\/api.w.org\/{rel}","templated":true}]}}