{"id":5551,"date":"2019-11-14T13:14:59","date_gmt":"2019-11-14T12:14:59","guid":{"rendered":"https:\/\/www.measure2bim.eu\/?page_id=5551"},"modified":"2020-10-08T12:59:25","modified_gmt":"2020-10-08T10:59:25","slug":"3d-laser-scanning","status":"publish","type":"page","link":"https:\/\/www.measure2bim.eu\/en\/3d-laser-scanning\/","title":{"rendered":"3D Laser Scanning"},"content":{"rendered":"\t\t<div data-elementor-type=\"wp-post\" data-elementor-id=\"5551\" class=\"elementor elementor-5551 elementor-4268\" data-elementor-post-type=\"page\">\n\t\t\t\t\t\t<section class=\"elementor-section elementor-top-section elementor-element elementor-element-60684ef9 elementor-section-height-min-height elementor-section-boxed elementor-section-height-default elementor-section-items-middle\" data-id=\"60684ef9\" data-element_type=\"section\" data-e-type=\"section\" data-settings=\"{&quot;background_background&quot;:&quot;classic&quot;}\">\n\t\t\t\t\t\t\t<div class=\"elementor-background-overlay\"><\/div>\n\t\t\t\t\t\t\t<div class=\"elementor-container elementor-column-gap-default\">\n\t\t\t\t\t<div class=\"elementor-column elementor-col-100 elementor-top-column elementor-element elementor-element-a0dec\" data-id=\"a0dec\" data-element_type=\"column\" data-e-type=\"column\">\n\t\t\t<div class=\"elementor-widget-wrap elementor-element-populated\">\n\t\t\t\t\t\t<div class=\"elementor-element elementor-element-4671d6ca elementor-widget elementor-widget-heading\" data-id=\"4671d6ca\" data-element_type=\"widget\" data-e-type=\"widget\" data-widget_type=\"heading.default\">\n\t\t\t\t<div class=\"elementor-widget-container\">\n\t\t\t\t\t<h2 class=\"elementor-heading-title elementor-size-default\">3D Laser Scanning<\/h2>\t\t\t\t<\/div>\n\t\t\t\t<\/div>\n\t\t\t\t\t<\/div>\n\t\t<\/div>\n\t\t\t\t\t<\/div>\n\t\t<\/section>\n\t\t\t\t<section class=\"elementor-section elementor-top-section elementor-element elementor-element-d7f82c3 elementor-section-boxed elementor-section-height-default elementor-section-height-default\" data-id=\"d7f82c3\" data-element_type=\"section\" data-e-type=\"section\">\n\t\t\t\t\t\t<div class=\"elementor-container elementor-column-gap-default\">\n\t\t\t\t\t<div class=\"elementor-column elementor-col-50 elementor-top-column elementor-element elementor-element-ac80d84\" data-id=\"ac80d84\" data-element_type=\"column\" data-e-type=\"column\">\n\t\t\t<div class=\"elementor-widget-wrap elementor-element-populated\">\n\t\t\t\t\t\t<div class=\"elementor-element elementor-element-3b64d68 elementor-widget elementor-widget-heading\" data-id=\"3b64d68\" data-element_type=\"widget\" data-e-type=\"widget\" data-widget_type=\"heading.default\">\n\t\t\t\t<div class=\"elementor-widget-container\">\n\t\t\t\t\t<h2 class=\"elementor-heading-title elementor-size-default\">What is 3D Laser Scanning?<\/h2>\t\t\t\t<\/div>\n\t\t\t\t<\/div>\n\t\t\t\t<div class=\"elementor-element elementor-element-855cf4d elementor-widget elementor-widget-text-editor\" data-id=\"855cf4d\" data-element_type=\"widget\" data-e-type=\"widget\" data-widget_type=\"text-editor.default\">\n\t\t\t\t<div class=\"elementor-widget-container\">\n\t\t\t\t\t\t\t\t\t<p>For surveying existing objects, we use 3D laser scanning technology in combination with photogrammetry and classical geodetic methods.\u00a0\u00a0 Data collection is several times faster when compared to classical methods and allows for a more complex survey &#8211; a 3D model. Scanning is possible even when the object is in full operation. The output from the laser measurement is a 3D model of the scanned object in the form of a point cloud, which can be imported into your CAD and BIM software. The measurements can be georeferenced in the local coordinate system or connected to the S-JTSK coordinate system and the Bpv elevation system. The entire project can be georeferenced retroactively using identical points.<\/p>\t\t\t\t\t\t\t\t<\/div>\n\t\t\t\t<\/div>\n\t\t\t\t\t<\/div>\n\t\t<\/div>\n\t\t\t\t<div class=\"elementor-column elementor-col-50 elementor-top-column elementor-element elementor-element-c451560\" data-id=\"c451560\" data-element_type=\"column\" data-e-type=\"column\">\n\t\t\t<div class=\"elementor-widget-wrap elementor-element-populated\">\n\t\t\t\t\t\t<div class=\"elementor-element elementor-element-1d560c4 elementor-widget elementor-widget-heading\" data-id=\"1d560c4\" data-element_type=\"widget\" data-e-type=\"widget\" data-widget_type=\"heading.default\">\n\t\t\t\t<div class=\"elementor-widget-container\">\n\t\t\t\t\t<h2 class=\"elementor-heading-title elementor-size-default\">Applications for 3D Laser Scanning<\/h2>\t\t\t\t<\/div>\n\t\t\t\t<\/div>\n\t\t\t\t<div class=\"elementor-element elementor-element-c65ae03 elementor-icon-list--layout-traditional elementor-list-item-link-full_width elementor-widget elementor-widget-icon-list\" data-id=\"c65ae03\" data-element_type=\"widget\" data-e-type=\"widget\" data-widget_type=\"icon-list.default\">\n\t\t\t\t<div class=\"elementor-widget-container\">\n\t\t\t\t\t\t\t<ul class=\"elementor-icon-list-items\">\n\t\t\t\t\t\t\t<li class=\"elementor-icon-list-item\">\n\t\t\t\t\t\t\t\t\t\t\t<span class=\"elementor-icon-list-icon\">\n\t\t\t\t\t\t\t\t\t\t\t\t\t\t\t\t<i class=\"fa fa-check-circle\" aria-hidden=\"true\"><\/i>\n\t\t\t\t\t\t\t\t\t\t\t\t\t<\/span>\n\t\t\t\t\t\t\t\t\t\t<span class=\"elementor-icon-list-text\">Documentation of technology, facilities or buildings<\/span>\n\t\t\t\t\t\t\t\t\t<\/li>\n\t\t\t\t\t\t\t\t<li class=\"elementor-icon-list-item\">\n\t\t\t\t\t\t\t\t\t\t\t<span class=\"elementor-icon-list-icon\">\n\t\t\t\t\t\t\t\t\t\t\t\t\t\t\t\t<i class=\"fa fa-check-circle\" aria-hidden=\"true\"><\/i>\n\t\t\t\t\t\t\t\t\t\t\t\t\t<\/span>\n\t\t\t\t\t\t\t\t\t\t<span class=\"elementor-icon-list-text\">Analysis of current construction<\/span>\n\t\t\t\t\t\t\t\t\t<\/li>\n\t\t\t\t\t\t\t\t<li class=\"elementor-icon-list-item\">\n\t\t\t\t\t\t\t\t\t\t\t<span class=\"elementor-icon-list-icon\">\n\t\t\t\t\t\t\t\t\t\t\t\t\t\t\t\t<i class=\"fa fa-check-circle\" aria-hidden=\"true\"><\/i>\n\t\t\t\t\t\t\t\t\t\t\t\t\t<\/span>\n\t\t\t\t\t\t\t\t\t\t<span class=\"elementor-icon-list-text\">Mapping and deformation analysis of objects<\/span>\n\t\t\t\t\t\t\t\t\t<\/li>\n\t\t\t\t\t\t\t\t<li class=\"elementor-icon-list-item\">\n\t\t\t\t\t\t\t\t\t\t\t<span class=\"elementor-icon-list-icon\">\n\t\t\t\t\t\t\t\t\t\t\t\t\t\t\t\t<i class=\"fa fa-check-circle\" aria-hidden=\"true\"><\/i>\n\t\t\t\t\t\t\t\t\t\t\t\t\t<\/span>\n\t\t\t\t\t\t\t\t\t\t<span class=\"elementor-icon-list-text\">Data for facility management (CAD, BIM, GIS)<\/span>\n\t\t\t\t\t\t\t\t\t<\/li>\n\t\t\t\t\t\t\t\t<li class=\"elementor-icon-list-item\">\n\t\t\t\t\t\t\t\t\t\t\t<span class=\"elementor-icon-list-icon\">\n\t\t\t\t\t\t\t\t\t\t\t\t\t\t\t\t<i class=\"fa fa-check-circle\" aria-hidden=\"true\"><\/i>\n\t\t\t\t\t\t\t\t\t\t\t\t\t<\/span>\n\t\t\t\t\t\t\t\t\t\t<span class=\"elementor-icon-list-text\">As-Built documentation (CAD, BIM)<\/span>\n\t\t\t\t\t\t\t\t\t<\/li>\n\t\t\t\t\t\t\t\t<li class=\"elementor-icon-list-item\">\n\t\t\t\t\t\t\t\t\t\t\t<span class=\"elementor-icon-list-icon\">\n\t\t\t\t\t\t\t\t\t\t\t\t\t\t\t\t<i class=\"fa fa-check-circle\" aria-hidden=\"true\"><\/i>\n\t\t\t\t\t\t\t\t\t\t\t\t\t<\/span>\n\t\t\t\t\t\t\t\t\t\t<span class=\"elementor-icon-list-text\">Terrain analysis and digital modelling of terrain<\/span>\n\t\t\t\t\t\t\t\t\t<\/li>\n\t\t\t\t\t\t\t\t<li class=\"elementor-icon-list-item\">\n\t\t\t\t\t\t\t\t\t\t\t<span class=\"elementor-icon-list-icon\">\n\t\t\t\t\t\t\t\t\t\t\t\t\t\t\t\t<i class=\"fa fa-check-circle\" aria-hidden=\"true\"><\/i>\n\t\t\t\t\t\t\t\t\t\t\t\t\t<\/span>\n\t\t\t\t\t\t\t\t\t\t<span class=\"elementor-icon-list-text\">Determination of leasable areas (BOMA, GIF, RICS, IMPS)<\/span>\n\t\t\t\t\t\t\t\t\t<\/li>\n\t\t\t\t\t\t\t\t<li class=\"elementor-icon-list-item\">\n\t\t\t\t\t\t\t\t\t\t\t<span class=\"elementor-icon-list-icon\">\n\t\t\t\t\t\t\t\t\t\t\t\t\t\t\t\t<i class=\"fa fa-check-circle\" aria-hidden=\"true\"><\/i>\n\t\t\t\t\t\t\t\t\t\t\t\t\t<\/span>\n\t\t\t\t\t\t\t\t\t\t<span class=\"elementor-icon-list-text\">3D printing of the scanned object<\/span>\n\t\t\t\t\t\t\t\t\t<\/li>\n\t\t\t\t\t\t\t\t<li class=\"elementor-icon-list-item\">\n\t\t\t\t\t\t\t\t\t\t\t<span class=\"elementor-icon-list-icon\">\n\t\t\t\t\t\t\t\t\t\t\t\t\t\t\t\t<i class=\"fa fa-check-circle\" aria-hidden=\"true\"><\/i>\n\t\t\t\t\t\t\t\t\t\t\t\t\t<\/span>\n\t\t\t\t\t\t\t\t\t\t<span class=\"elementor-icon-list-text\">Reverse engineering<\/span>\n\t\t\t\t\t\t\t\t\t<\/li>\n\t\t\t\t\t\t<\/ul>\n\t\t\t\t\t\t<\/div>\n\t\t\t\t<\/div>\n\t\t\t\t\t<\/div>\n\t\t<\/div>\n\t\t\t\t\t<\/div>\n\t\t<\/section>\n\t\t\t\t<section class=\"elementor-section elementor-top-section elementor-element elementor-element-bd287c1 elementor-section-height-min-height elementor-section-boxed elementor-section-height-default elementor-section-items-middle\" data-id=\"bd287c1\" data-element_type=\"section\" data-e-type=\"section\">\n\t\t\t\t\t\t<div class=\"elementor-container elementor-column-gap-default\">\n\t\t\t\t\t<div class=\"elementor-column elementor-col-100 elementor-top-column elementor-element elementor-element-ea3e3ee\" data-id=\"ea3e3ee\" data-element_type=\"column\" data-e-type=\"column\">\n\t\t\t<div class=\"elementor-widget-wrap elementor-element-populated\">\n\t\t\t\t\t\t<div class=\"elementor-element elementor-element-c5a7d52 elementor-widget elementor-widget-heading\" data-id=\"c5a7d52\" data-element_type=\"widget\" data-e-type=\"widget\" data-widget_type=\"heading.default\">\n\t\t\t\t<div class=\"elementor-widget-container\">\n\t\t\t\t\t<h2 class=\"elementor-heading-title elementor-size-default\">Pointcloud<\/h2>\t\t\t\t<\/div>\n\t\t\t\t<\/div>\n\t\t\t\t<div class=\"elementor-element elementor-element-9c76716 elementor-widget-divider--view-line elementor-widget elementor-widget-divider\" data-id=\"9c76716\" data-element_type=\"widget\" data-e-type=\"widget\" data-widget_type=\"divider.default\">\n\t\t\t\t<div class=\"elementor-widget-container\">\n\t\t\t\t\t\t\t<div class=\"elementor-divider\">\n\t\t\t<span class=\"elementor-divider-separator\">\n\t\t\t\t\t\t<\/span>\n\t\t<\/div>\n\t\t\t\t\t\t<\/div>\n\t\t\t\t<\/div>\n\t\t\t\t<div class=\"elementor-element elementor-element-3d65d4c elementor-widget elementor-widget-html\" data-id=\"3d65d4c\" data-element_type=\"widget\" data-e-type=\"widget\" data-widget_type=\"html.default\">\n\t\t\t\t<div class=\"elementor-widget-container\">\n\t\t\t\t\t<iframe src=\"https:\/\/3dmodely.geoton.cz\/sonov\/sonov.html\" style=\"border:0px #ffffff none;\" name=\"myiFrame\" scrolling=\"no\" frameborder=\"1\" marginheight=\"0px\" marginwidth=\"0px\" height=\"500px\" width=\"600px\" allowfullscreen><\/iframe>\t\t\t\t<\/div>\n\t\t\t\t<\/div>\n\t\t\t\t\t<\/div>\n\t\t<\/div>\n\t\t\t\t\t<\/div>\n\t\t<\/section>\n\t\t\t\t<section class=\"elementor-section elementor-top-section elementor-element elementor-element-02b0bbc elementor-section-boxed elementor-section-height-default elementor-section-height-default\" data-id=\"02b0bbc\" data-element_type=\"section\" data-e-type=\"section\">\n\t\t\t\t\t\t<div class=\"elementor-container elementor-column-gap-default\">\n\t\t\t\t\t<div class=\"elementor-column elementor-col-100 elementor-top-column elementor-element elementor-element-0debba6\" data-id=\"0debba6\" data-element_type=\"column\" data-e-type=\"column\">\n\t\t\t<div class=\"elementor-widget-wrap elementor-element-populated\">\n\t\t\t\t\t\t<div class=\"elementor-element elementor-element-9c58492 elementor-widget elementor-widget-heading\" data-id=\"9c58492\" data-element_type=\"widget\" data-e-type=\"widget\" data-widget_type=\"heading.default\">\n\t\t\t\t<div class=\"elementor-widget-container\">\n\t\t\t\t\t<h2 class=\"elementor-heading-title elementor-size-default\">Sample projects<\/h2>\t\t\t\t<\/div>\n\t\t\t\t<\/div>\n\t\t\t\t<div class=\"elementor-element elementor-element-bac30ea elementor-grid-3 elementor-grid-tablet-2 elementor-grid-mobile-1 elementor-widget elementor-widget-portfolio\" data-id=\"bac30ea\" data-element_type=\"widget\" data-e-type=\"widget\" data-settings=\"{&quot;columns&quot;:&quot;3&quot;,&quot;columns_tablet&quot;:&quot;2&quot;,&quot;columns_mobile&quot;:&quot;1&quot;,&quot;item_ratio&quot;:{&quot;unit&quot;:&quot;px&quot;,&quot;size&quot;:0.66000000000000003,&quot;sizes&quot;:[]},&quot;item_gap&quot;:{&quot;unit&quot;:&quot;px&quot;,&quot;size&quot;:&quot;&quot;,&quot;sizes&quot;:[]},&quot;row_gap&quot;:{&quot;unit&quot;:&quot;px&quot;,&quot;size&quot;:&quot;&quot;,&quot;sizes&quot;:[]}}\" data-widget_type=\"portfolio.default\">\n\t\t\t\t<div class=\"elementor-widget-container\">\n\t\t\t\t\t\t\t<div class=\"elementor-portfolio elementor-grid elementor-posts-container\" role=\"list\">\n\t\t\t\t<article class=\"elementor-portfolio-item elementor-post  post-7619 post type-post status-publish format-standard has-post-thumbnail hentry category-3d-laser-scanning-en category-cad-2 category-pointcloud-2\" role=\"listitem\">\n\t\t\t<a class=\"elementor-post__thumbnail__link\" href=\"https:\/\/www.measure2bim.eu\/en\/2021\/11\/24\/cad-project-dlouha\/\">\n\t\t\t\t<div class=\"elementor-portfolio-item__img elementor-post__thumbnail\">\n\t\t\t<img fetchpriority=\"high\" decoding=\"async\" width=\"768\" height=\"432\" src=\"https:\/\/www.measure2bim.eu\/wp-content\/uploads\/2021\/11\/Title_Amundy-768x432.jpg\" class=\"attachment-medium_large size-medium_large wp-image-7564\" alt=\"\" srcset=\"https:\/\/www.measure2bim.eu\/wp-content\/uploads\/2021\/11\/Title_Amundy-768x432.jpg 768w, https:\/\/www.measure2bim.eu\/wp-content\/uploads\/2021\/11\/Title_Amundy-300x169.jpg 300w, https:\/\/www.measure2bim.eu\/wp-content\/uploads\/2021\/11\/Title_Amundy-1024x576.jpg 1024w, https:\/\/www.measure2bim.eu\/wp-content\/uploads\/2021\/11\/Title_Amundy-1536x864.jpg 1536w, https:\/\/www.measure2bim.eu\/wp-content\/uploads\/2021\/11\/Title_Amundy-2048x1152.jpg 2048w\" sizes=\"(max-width: 768px) 100vw, 768px\" \/>\t\t<\/div>\n\t\t\t\t<div class=\"elementor-portfolio-item__overlay\">\n\t\t\t\t<h3 class=\"elementor-portfolio-item__title\">\n\t\tCAD Project <br> Dlouha\t\t<\/h3>\n\t\t\t\t<\/div>\n\t\t\t\t<\/a>\n\t\t<\/article>\n\t\t\t\t<article class=\"elementor-portfolio-item elementor-post  post-7503 post type-post status-publish format-standard has-post-thumbnail hentry category-360photo-viewer category-3d-laser-scanning-en category-aerial-survey category-cad-2 category-orthophoto-2 category-pointcloud-2\" role=\"listitem\">\n\t\t\t<a class=\"elementor-post__thumbnail__link\" href=\"https:\/\/www.measure2bim.eu\/en\/2021\/11\/19\/cad-project\/\">\n\t\t\t\t<div class=\"elementor-portfolio-item__img elementor-post__thumbnail\">\n\t\t\t<img decoding=\"async\" width=\"768\" height=\"432\" src=\"https:\/\/www.measure2bim.eu\/wp-content\/uploads\/2021\/11\/03HQ--768x432.jpg\" class=\"attachment-medium_large size-medium_large wp-image-7473\" alt=\"Leteck\u00e9 zam\u011b\u0159en\u00ed a laserov\u00e9 skenov\u00e1n\u00ed\" srcset=\"https:\/\/www.measure2bim.eu\/wp-content\/uploads\/2021\/11\/03HQ--768x432.jpg 768w, https:\/\/www.measure2bim.eu\/wp-content\/uploads\/2021\/11\/03HQ--300x169.jpg 300w, https:\/\/www.measure2bim.eu\/wp-content\/uploads\/2021\/11\/03HQ--1024x576.jpg 1024w, https:\/\/www.measure2bim.eu\/wp-content\/uploads\/2021\/11\/03HQ--1536x864.jpg 1536w, https:\/\/www.measure2bim.eu\/wp-content\/uploads\/2021\/11\/03HQ--2048x1152.jpg 2048w\" sizes=\"(max-width: 768px) 100vw, 768px\" \/>\t\t<\/div>\n\t\t\t\t<div class=\"elementor-portfolio-item__overlay\">\n\t\t\t\t<h3 class=\"elementor-portfolio-item__title\">\n\t\tCAD Project <br> Slavin Castle\t\t<\/h3>\n\t\t\t\t<\/div>\n\t\t\t\t<\/a>\n\t\t<\/article>\n\t\t\t\t<article class=\"elementor-portfolio-item elementor-post  post-6798 post type-post status-publish format-standard has-post-thumbnail hentry category-360photo-viewer category-3d-laser-scanning-en category-cad-2 category-pointcloud-2\" role=\"listitem\">\n\t\t\t<a class=\"elementor-post__thumbnail__link\" href=\"https:\/\/www.measure2bim.eu\/en\/2021\/04\/12\/cad-project-apartment-building\/\">\n\t\t\t\t<div class=\"elementor-portfolio-item__img elementor-post__thumbnail\">\n\t\t\t<img decoding=\"async\" width=\"768\" height=\"432\" src=\"https:\/\/www.measure2bim.eu\/wp-content\/uploads\/2021\/04\/title-768x432.png\" class=\"attachment-medium_large size-medium_large wp-image-6770\" alt=\"\" srcset=\"https:\/\/www.measure2bim.eu\/wp-content\/uploads\/2021\/04\/title-768x432.png 768w, https:\/\/www.measure2bim.eu\/wp-content\/uploads\/2021\/04\/title-300x169.png 300w, https:\/\/www.measure2bim.eu\/wp-content\/uploads\/2021\/04\/title-1024x576.png 1024w\" sizes=\"(max-width: 768px) 100vw, 768px\" \/>\t\t<\/div>\n\t\t\t\t<div class=\"elementor-portfolio-item__overlay\">\n\t\t\t\t<h3 class=\"elementor-portfolio-item__title\">\n\t\tCAD Project <br> Apartment building\t\t<\/h3>\n\t\t\t\t<\/div>\n\t\t\t\t<\/a>\n\t\t<\/article>\n\t\t\t\t<\/div>\n\t\t\t\t\t\t<\/div>\n\t\t\t\t<\/div>\n\t\t\t\t\t<\/div>\n\t\t<\/div>\n\t\t\t\t\t<\/div>\n\t\t<\/section>\n\t\t\t\t<\/div>\n\t\t","protected":false},"excerpt":{"rendered":"<p class=\"excerpt\">3D Laser Scanning What is 3D Laser Scanning? For surveying existing objects, we use 3D laser scanning technology in combination with photogrammetry and classical geodetic methods.\u00a0\u00a0 Data collection is several times faster when compared to classical methods and allows for a more complex survey &#8211; a 3D model. Scanning is possible even when the object [&hellip;]<\/p>\n","protected":false},"author":5,"featured_media":0,"parent":0,"menu_order":0,"comment_status":"closed","ping_status":"closed","template":"template-blank.php","meta":{"footnotes":""},"class_list":["post-5551","page","type-page","status-publish","hentry"],"yoast_head":"<!-- This site is optimized with the Yoast SEO plugin v22.1 - https:\/\/yoast.com\/wordpress\/plugins\/seo\/ -->\n<title>3D Laser Scanning - Measure2BIM<\/title>\n<meta name=\"description\" content=\"3D laser scanning is possible even when the building is in full operation. Point cloud can be imported into your CAD \/ BIM software.\" \/>\n<meta name=\"robots\" content=\"index, follow, max-snippet:-1, max-image-preview:large, max-video-preview:-1\" \/>\n<link rel=\"canonical\" href=\"https:\/\/www.measure2bim.eu\/3d-laserove-skenovani\/\" \/>\n<meta property=\"og:locale\" content=\"en_US\" \/>\n<meta property=\"og:type\" content=\"article\" \/>\n<meta property=\"og:title\" content=\"3D Laser Scanning - Measure2BIM\" \/>\n<meta property=\"og:description\" content=\"3D laser scanning is possible even when the building is in full operation. Point cloud can be imported into your CAD \/ BIM software.\" \/>\n<meta property=\"og:url\" content=\"https:\/\/www.measure2bim.eu\/3d-laserove-skenovani\/\" \/>\n<meta property=\"og:site_name\" content=\"Measure2BIM\" \/>\n<meta property=\"article:publisher\" content=\"https:\/\/www.facebook.com\/measure2BIM\/\" \/>\n<meta property=\"article:modified_time\" content=\"2020-10-08T10:59:25+00:00\" \/>\n<meta name=\"twitter:card\" content=\"summary_large_image\" \/>\n<meta name=\"twitter:label1\" content=\"Est. reading time\" \/>\n\t<meta name=\"twitter:data1\" content=\"1 minute\" \/>\n<script type=\"application\/ld+json\" class=\"yoast-schema-graph\">{\"@context\":\"https:\/\/schema.org\",\"@graph\":[{\"@type\":\"WebPage\",\"@id\":\"https:\/\/www.measure2bim.eu\/3d-laserove-skenovani\/\",\"url\":\"https:\/\/www.measure2bim.eu\/3d-laserove-skenovani\/\",\"name\":\"3D Laser Scanning - Measure2BIM\",\"isPartOf\":{\"@id\":\"https:\/\/www.measure2bim.eu\/#website\"},\"datePublished\":\"2019-11-14T12:14:59+00:00\",\"dateModified\":\"2020-10-08T10:59:25+00:00\",\"description\":\"3D laser scanning is possible even when the building is in full operation. Point cloud can be imported into your CAD \/ BIM software.\",\"breadcrumb\":{\"@id\":\"https:\/\/www.measure2bim.eu\/3d-laserove-skenovani\/#breadcrumb\"},\"inLanguage\":\"en-US\",\"potentialAction\":[{\"@type\":\"ReadAction\",\"target\":[\"https:\/\/www.measure2bim.eu\/3d-laserove-skenovani\/\"]}]},{\"@type\":\"BreadcrumbList\",\"@id\":\"https:\/\/www.measure2bim.eu\/3d-laserove-skenovani\/#breadcrumb\",\"itemListElement\":[{\"@type\":\"ListItem\",\"position\":1,\"name\":\"\u00davod\",\"item\":\"http:\/\/www.measure2bim.eu\/en\/\"},{\"@type\":\"ListItem\",\"position\":2,\"name\":\"3D Laser Scanning\"}]},{\"@type\":\"WebSite\",\"@id\":\"https:\/\/www.measure2bim.eu\/#website\",\"url\":\"https:\/\/www.measure2bim.eu\/\",\"name\":\"Measure2BIM\",\"description\":\"Specialist\u00e9 na 3D skenov\u00e1n\u00ed a BIM\",\"potentialAction\":[{\"@type\":\"SearchAction\",\"target\":{\"@type\":\"EntryPoint\",\"urlTemplate\":\"https:\/\/www.measure2bim.eu\/?s={search_term_string}\"},\"query-input\":\"required name=search_term_string\"}],\"inLanguage\":\"en-US\"}]}<\/script>\n<!-- \/ Yoast SEO plugin. -->","yoast_head_json":{"title":"3D Laser Scanning - Measure2BIM","description":"3D laser scanning is possible even when the building is in full operation. Point cloud can be imported into your CAD \/ BIM software.","robots":{"index":"index","follow":"follow","max-snippet":"max-snippet:-1","max-image-preview":"max-image-preview:large","max-video-preview":"max-video-preview:-1"},"canonical":"https:\/\/www.measure2bim.eu\/3d-laserove-skenovani\/","og_locale":"en_US","og_type":"article","og_title":"3D Laser Scanning - Measure2BIM","og_description":"3D laser scanning is possible even when the building is in full operation. Point cloud can be imported into your CAD \/ BIM software.","og_url":"https:\/\/www.measure2bim.eu\/3d-laserove-skenovani\/","og_site_name":"Measure2BIM","article_publisher":"https:\/\/www.facebook.com\/measure2BIM\/","article_modified_time":"2020-10-08T10:59:25+00:00","twitter_card":"summary_large_image","twitter_misc":{"Est. reading time":"1 minute"},"schema":{"@context":"https:\/\/schema.org","@graph":[{"@type":"WebPage","@id":"https:\/\/www.measure2bim.eu\/3d-laserove-skenovani\/","url":"https:\/\/www.measure2bim.eu\/3d-laserove-skenovani\/","name":"3D Laser Scanning - Measure2BIM","isPartOf":{"@id":"https:\/\/www.measure2bim.eu\/#website"},"datePublished":"2019-11-14T12:14:59+00:00","dateModified":"2020-10-08T10:59:25+00:00","description":"3D laser scanning is possible even when the building is in full operation. Point cloud can be imported into your CAD \/ BIM software.","breadcrumb":{"@id":"https:\/\/www.measure2bim.eu\/3d-laserove-skenovani\/#breadcrumb"},"inLanguage":"en-US","potentialAction":[{"@type":"ReadAction","target":["https:\/\/www.measure2bim.eu\/3d-laserove-skenovani\/"]}]},{"@type":"BreadcrumbList","@id":"https:\/\/www.measure2bim.eu\/3d-laserove-skenovani\/#breadcrumb","itemListElement":[{"@type":"ListItem","position":1,"name":"\u00davod","item":"http:\/\/www.measure2bim.eu\/en\/"},{"@type":"ListItem","position":2,"name":"3D Laser Scanning"}]},{"@type":"WebSite","@id":"https:\/\/www.measure2bim.eu\/#website","url":"https:\/\/www.measure2bim.eu\/","name":"Measure2BIM","description":"Specialist\u00e9 na 3D skenov\u00e1n\u00ed a BIM","potentialAction":[{"@type":"SearchAction","target":{"@type":"EntryPoint","urlTemplate":"https:\/\/www.measure2bim.eu\/?s={search_term_string}"},"query-input":"required name=search_term_string"}],"inLanguage":"en-US"}]}},"_links":{"self":[{"href":"https:\/\/www.measure2bim.eu\/en\/wp-json\/wp\/v2\/pages\/5551","targetHints":{"allow":["GET"]}}],"collection":[{"href":"https:\/\/www.measure2bim.eu\/en\/wp-json\/wp\/v2\/pages"}],"about":[{"href":"https:\/\/www.measure2bim.eu\/en\/wp-json\/wp\/v2\/types\/page"}],"author":[{"embeddable":true,"href":"https:\/\/www.measure2bim.eu\/en\/wp-json\/wp\/v2\/users\/5"}],"replies":[{"embeddable":true,"href":"https:\/\/www.measure2bim.eu\/en\/wp-json\/wp\/v2\/comments?post=5551"}],"version-history":[{"count":4,"href":"https:\/\/www.measure2bim.eu\/en\/wp-json\/wp\/v2\/pages\/5551\/revisions"}],"predecessor-version":[{"id":6280,"href":"https:\/\/www.measure2bim.eu\/en\/wp-json\/wp\/v2\/pages\/5551\/revisions\/6280"}],"wp:attachment":[{"href":"https:\/\/www.measure2bim.eu\/en\/wp-json\/wp\/v2\/media?parent=5551"}],"curies":[{"name":"wp","href":"https:\/\/api.w.org\/{rel}","templated":true}]}}