{"id":4623,"date":"2019-05-07T16:33:42","date_gmt":"2019-05-07T14:33:42","guid":{"rendered":"https:\/\/www.measure2bim.eu\/?page_id=4623"},"modified":"2020-10-07T14:48:56","modified_gmt":"2020-10-07T12:48:56","slug":"legal-notice","status":"publish","type":"page","link":"https:\/\/www.measure2bim.eu\/en\/legal-notice\/","title":{"rendered":"Legal Notice"},"content":{"rendered":"\t\t<div data-elementor-type=\"wp-post\" data-elementor-id=\"4623\" class=\"elementor elementor-4623 elementor-1603\" data-elementor-post-type=\"page\">\n\t\t\t\t\t\t<section class=\"elementor-section elementor-top-section elementor-element elementor-element-875fc4c elementor-section-height-min-height elementor-section-content-middle elementor-section-boxed elementor-section-height-default elementor-section-items-middle\" data-id=\"875fc4c\" data-element_type=\"section\" data-e-type=\"section\" data-settings=\"{&quot;background_background&quot;:&quot;classic&quot;}\">\n\t\t\t\t\t\t\t<div class=\"elementor-background-overlay\"><\/div>\n\t\t\t\t\t\t\t<div class=\"elementor-container elementor-column-gap-default\">\n\t\t\t\t\t<div class=\"elementor-column elementor-col-100 elementor-top-column elementor-element elementor-element-20b0f6f1\" data-id=\"20b0f6f1\" data-element_type=\"column\" data-e-type=\"column\">\n\t\t\t<div class=\"elementor-widget-wrap elementor-element-populated\">\n\t\t\t\t\t\t<div class=\"elementor-element elementor-element-5c1f8deb elementor-widget elementor-widget-heading\" data-id=\"5c1f8deb\" data-element_type=\"widget\" data-e-type=\"widget\" data-widget_type=\"heading.default\">\n\t\t\t\t<div class=\"elementor-widget-container\">\n\t\t\t\t\t<h2 class=\"elementor-heading-title elementor-size-default\">Legal Notice<\/h2>\t\t\t\t<\/div>\n\t\t\t\t<\/div>\n\t\t\t\t\t<\/div>\n\t\t<\/div>\n\t\t\t\t\t<\/div>\n\t\t<\/section>\n\t\t\t\t<section class=\"elementor-section elementor-top-section elementor-element elementor-element-2906c850 elementor-section-boxed elementor-section-height-default elementor-section-height-default\" data-id=\"2906c850\" data-element_type=\"section\" data-e-type=\"section\">\n\t\t\t\t\t\t<div class=\"elementor-container elementor-column-gap-default\">\n\t\t\t\t\t<div class=\"elementor-column elementor-col-100 elementor-top-column elementor-element elementor-element-2cc325f3\" data-id=\"2cc325f3\" data-element_type=\"column\" data-e-type=\"column\">\n\t\t\t<div class=\"elementor-widget-wrap elementor-element-populated\">\n\t\t\t\t\t\t<div class=\"elementor-element elementor-element-321f26bd elementor-widget elementor-widget-heading\" data-id=\"321f26bd\" data-element_type=\"widget\" data-e-type=\"widget\" data-widget_type=\"heading.default\">\n\t\t\t\t<div class=\"elementor-widget-container\">\n\t\t\t\t\t<h2 class=\"elementor-heading-title elementor-size-default\">LEGAL INFORMATION ABOUT MEASURE2BIM<\/h2>\t\t\t\t<\/div>\n\t\t\t\t<\/div>\n\t\t\t\t<div class=\"elementor-element elementor-element-59ed7863 elementor-widget elementor-widget-text-editor\" data-id=\"59ed7863\" data-element_type=\"widget\" data-e-type=\"widget\" data-widget_type=\"text-editor.default\">\n\t\t\t\t<div class=\"elementor-widget-container\">\n\t\t\t\t\t\t\t\t\t<p><span style=\"font-size: 1.5rem;\">Responsible for the content:<\/span><span style=\"font-size: 1.5rem;\">\u00a0<\/span><\/p><p><span style=\"font-size: 1.5rem;\">\u00a0<\/span><\/p><p><strong><span style=\"font-size: 1.5rem;\">GEOTON CZ s.r.o.<\/span><\/strong><\/p><p><span style=\"font-size: 1.5rem;\">\u00a0<\/span><\/p><p>Divi\u0161ovsk\u00e1 2305\/24<br \/>149 00 Praha 4 &#8211; CHODOV<\/p><p><span style=\"font-size: 1.5rem;\">\u00a0<\/span><\/p><p><span style=\"font-size: 1.5rem;\">Telephone:\u00a0<strong>+420 774 766 441<\/strong><\/span><\/p><p><span style=\"font-size: 1.5rem;\">\u00a0<\/span><\/p><p>E-mail:\u00a0<span style=\"text-decoration: underline;\"><a href=\"mailto:info@measure2bim.eu\">info@measure2bim.eu<\/a><\/span><\/p><p>\u00a0<\/p><p>Managing directors: Ing. Ji\u0159\u00ed Brablc<\/p><p><span style=\"font-size: 1.5rem;\">\u00a0<\/span><\/p><p>Commercial Register: City Court Prague, C128610<\/p><p><span style=\"font-size: 1.5rem;\">\u00a0<\/span><\/p><p>Identification Number. (I\u010c:): 27947629<br \/>Sales tax identification number (DI\u010c:): CZ 27947629<\/p><p>\u00a0<\/p><p><b>Note<\/b>:<br \/>The EU Commission offers the possibility of online dispute resolution on an online platform operated by it.: link <a href=\"http:\/\/ec.europa.eu\/consumers\/odr\/.\">http:\/\/ec.europa.eu\/consumers\/odr\/.<\/a>\u00a0<\/p><p>We are not obliged to participate in a conciliation procedure and unfortunately cannot offer to participate in such a procedure.<\/p><div id=\"gtx-trans\" style=\"position: absolute; left: -18px; top: 413.684px;\"><div class=\"gtx-trans-icon\">\u00a0<\/div><\/div>\t\t\t\t\t\t\t\t<\/div>\n\t\t\t\t<\/div>\n\t\t\t\t\t<\/div>\n\t\t<\/div>\n\t\t\t\t\t<\/div>\n\t\t<\/section>\n\t\t\t\t<\/div>\n\t\t","protected":false},"excerpt":{"rendered":"<p class=\"excerpt\">Legal Notice LEGAL INFORMATION ABOUT MEASURE2BIM Responsible for the content:\u00a0 \u00a0 GEOTON CZ s.r.o. \u00a0 Divi\u0161ovsk\u00e1 2305\/24149 00 Praha 4 &#8211; CHODOV \u00a0 Telephone:\u00a0+420 774 766 441 \u00a0 E-mail:\u00a0info@measure2bim.eu \u00a0 Managing directors: Ing. Ji\u0159\u00ed Brablc \u00a0 Commercial Register: City Court Prague, C128610 \u00a0 Identification Number. (I\u010c:): 27947629Sales tax identification number (DI\u010c:): CZ 27947629 \u00a0 Note:The [&hellip;]<\/p>\n","protected":false},"author":5,"featured_media":0,"parent":0,"menu_order":0,"comment_status":"closed","ping_status":"closed","template":"template-blank.php","meta":{"footnotes":""},"class_list":["post-4623","page","type-page","status-publish","hentry"],"yoast_head":"<!-- This site is optimized with the Yoast SEO plugin v22.1 - https:\/\/yoast.com\/wordpress\/plugins\/seo\/ -->\n<title>Legal Notice - Measure2BIM<\/title>\n<meta name=\"description\" content=\"Responsible for the content: GEOTON CZ s.r.o. Divi\u0161ovsk\u00e1 2305\/24149 00 Praha 4 - CHODOV ID: 27947629S VAT: CZ 27947629 E-mail:\u00a0info@measure2bim.eu\" \/>\n<meta name=\"robots\" content=\"index, follow, max-snippet:-1, max-image-preview:large, max-video-preview:-1\" \/>\n<link rel=\"canonical\" href=\"https:\/\/www.measure2bim.eu\/en\/legal-notice\/\" \/>\n<meta property=\"og:locale\" content=\"en_US\" \/>\n<meta property=\"og:type\" content=\"article\" \/>\n<meta property=\"og:title\" content=\"Legal Notice - Measure2BIM\" \/>\n<meta property=\"og:description\" content=\"Responsible for the content: GEOTON CZ s.r.o. Divi\u0161ovsk\u00e1 2305\/24149 00 Praha 4 - CHODOV ID: 27947629S VAT: CZ 27947629 E-mail:\u00a0info@measure2bim.eu\" \/>\n<meta property=\"og:url\" content=\"https:\/\/www.measure2bim.eu\/en\/legal-notice\/\" \/>\n<meta property=\"og:site_name\" content=\"Measure2BIM\" \/>\n<meta property=\"article:publisher\" content=\"https:\/\/www.facebook.com\/measure2BIM\/\" \/>\n<meta property=\"article:modified_time\" content=\"2020-10-07T12:48:56+00:00\" \/>\n<meta name=\"twitter:card\" content=\"summary_large_image\" \/>\n<script type=\"application\/ld+json\" class=\"yoast-schema-graph\">{\"@context\":\"https:\/\/schema.org\",\"@graph\":[{\"@type\":\"WebPage\",\"@id\":\"https:\/\/www.measure2bim.eu\/en\/legal-notice\/\",\"url\":\"https:\/\/www.measure2bim.eu\/en\/legal-notice\/\",\"name\":\"Legal Notice - Measure2BIM\",\"isPartOf\":{\"@id\":\"https:\/\/www.measure2bim.eu\/#website\"},\"datePublished\":\"2019-05-07T14:33:42+00:00\",\"dateModified\":\"2020-10-07T12:48:56+00:00\",\"description\":\"Responsible for the content: GEOTON CZ s.r.o. Divi\u0161ovsk\u00e1 2305\/24149 00 Praha 4 - CHODOV ID: 27947629S VAT: CZ 27947629 E-mail:\u00a0info@measure2bim.eu\",\"breadcrumb\":{\"@id\":\"https:\/\/www.measure2bim.eu\/en\/legal-notice\/#breadcrumb\"},\"inLanguage\":\"en-US\",\"potentialAction\":[{\"@type\":\"ReadAction\",\"target\":[\"https:\/\/www.measure2bim.eu\/en\/legal-notice\/\"]}]},{\"@type\":\"BreadcrumbList\",\"@id\":\"https:\/\/www.measure2bim.eu\/en\/legal-notice\/#breadcrumb\",\"itemListElement\":[{\"@type\":\"ListItem\",\"position\":1,\"name\":\"\u00davod\",\"item\":\"http:\/\/www.measure2bim.eu\/en\/\"},{\"@type\":\"ListItem\",\"position\":2,\"name\":\"Legal Notice\"}]},{\"@type\":\"WebSite\",\"@id\":\"https:\/\/www.measure2bim.eu\/#website\",\"url\":\"https:\/\/www.measure2bim.eu\/\",\"name\":\"Measure2BIM\",\"description\":\"Specialist\u00e9 na 3D skenov\u00e1n\u00ed a BIM\",\"potentialAction\":[{\"@type\":\"SearchAction\",\"target\":{\"@type\":\"EntryPoint\",\"urlTemplate\":\"https:\/\/www.measure2bim.eu\/?s={search_term_string}\"},\"query-input\":\"required name=search_term_string\"}],\"inLanguage\":\"en-US\"}]}<\/script>\n<!-- \/ Yoast SEO plugin. -->","yoast_head_json":{"title":"Legal Notice - Measure2BIM","description":"Responsible for the content: GEOTON CZ s.r.o. Divi\u0161ovsk\u00e1 2305\/24149 00 Praha 4 - CHODOV ID: 27947629S VAT: CZ 27947629 E-mail:\u00a0info@measure2bim.eu","robots":{"index":"index","follow":"follow","max-snippet":"max-snippet:-1","max-image-preview":"max-image-preview:large","max-video-preview":"max-video-preview:-1"},"canonical":"https:\/\/www.measure2bim.eu\/en\/legal-notice\/","og_locale":"en_US","og_type":"article","og_title":"Legal Notice - Measure2BIM","og_description":"Responsible for the content: GEOTON CZ s.r.o. Divi\u0161ovsk\u00e1 2305\/24149 00 Praha 4 - CHODOV ID: 27947629S VAT: CZ 27947629 E-mail:\u00a0info@measure2bim.eu","og_url":"https:\/\/www.measure2bim.eu\/en\/legal-notice\/","og_site_name":"Measure2BIM","article_publisher":"https:\/\/www.facebook.com\/measure2BIM\/","article_modified_time":"2020-10-07T12:48:56+00:00","twitter_card":"summary_large_image","schema":{"@context":"https:\/\/schema.org","@graph":[{"@type":"WebPage","@id":"https:\/\/www.measure2bim.eu\/en\/legal-notice\/","url":"https:\/\/www.measure2bim.eu\/en\/legal-notice\/","name":"Legal Notice - Measure2BIM","isPartOf":{"@id":"https:\/\/www.measure2bim.eu\/#website"},"datePublished":"2019-05-07T14:33:42+00:00","dateModified":"2020-10-07T12:48:56+00:00","description":"Responsible for the content: GEOTON CZ s.r.o. Divi\u0161ovsk\u00e1 2305\/24149 00 Praha 4 - CHODOV ID: 27947629S VAT: CZ 27947629 E-mail:\u00a0info@measure2bim.eu","breadcrumb":{"@id":"https:\/\/www.measure2bim.eu\/en\/legal-notice\/#breadcrumb"},"inLanguage":"en-US","potentialAction":[{"@type":"ReadAction","target":["https:\/\/www.measure2bim.eu\/en\/legal-notice\/"]}]},{"@type":"BreadcrumbList","@id":"https:\/\/www.measure2bim.eu\/en\/legal-notice\/#breadcrumb","itemListElement":[{"@type":"ListItem","position":1,"name":"\u00davod","item":"http:\/\/www.measure2bim.eu\/en\/"},{"@type":"ListItem","position":2,"name":"Legal Notice"}]},{"@type":"WebSite","@id":"https:\/\/www.measure2bim.eu\/#website","url":"https:\/\/www.measure2bim.eu\/","name":"Measure2BIM","description":"Specialist\u00e9 na 3D skenov\u00e1n\u00ed a BIM","potentialAction":[{"@type":"SearchAction","target":{"@type":"EntryPoint","urlTemplate":"https:\/\/www.measure2bim.eu\/?s={search_term_string}"},"query-input":"required name=search_term_string"}],"inLanguage":"en-US"}]}},"_links":{"self":[{"href":"https:\/\/www.measure2bim.eu\/en\/wp-json\/wp\/v2\/pages\/4623","targetHints":{"allow":["GET"]}}],"collection":[{"href":"https:\/\/www.measure2bim.eu\/en\/wp-json\/wp\/v2\/pages"}],"about":[{"href":"https:\/\/www.measure2bim.eu\/en\/wp-json\/wp\/v2\/types\/page"}],"author":[{"embeddable":true,"href":"https:\/\/www.measure2bim.eu\/en\/wp-json\/wp\/v2\/users\/5"}],"replies":[{"embeddable":true,"href":"https:\/\/www.measure2bim.eu\/en\/wp-json\/wp\/v2\/comments?post=4623"}],"version-history":[{"count":9,"href":"https:\/\/www.measure2bim.eu\/en\/wp-json\/wp\/v2\/pages\/4623\/revisions"}],"predecessor-version":[{"id":6275,"href":"https:\/\/www.measure2bim.eu\/en\/wp-json\/wp\/v2\/pages\/4623\/revisions\/6275"}],"wp:attachment":[{"href":"https:\/\/www.measure2bim.eu\/en\/wp-json\/wp\/v2\/media?parent=4623"}],"curies":[{"name":"wp","href":"https:\/\/api.w.org\/{rel}","templated":true}]}}