{"id":5539,"date":"2019-11-13T17:18:22","date_gmt":"2019-11-13T16:18:22","guid":{"rendered":"https:\/\/www.measure2bim.eu\/?page_id=5539"},"modified":"2019-12-12T10:57:21","modified_gmt":"2019-12-12T09:57:21","slug":"cad","status":"publish","type":"page","link":"https:\/\/www.measure2bim.eu\/de\/cad\/","title":{"rendered":"CAD"},"content":{"rendered":"\t\t<div data-elementor-type=\"wp-post\" data-elementor-id=\"5539\" class=\"elementor elementor-5539 elementor-5377\" data-elementor-post-type=\"page\">\n\t\t\t\t\t\t<section class=\"elementor-section elementor-top-section elementor-element elementor-element-25f330b6 elementor-section-height-min-height elementor-section-boxed elementor-section-height-default elementor-section-items-middle\" data-id=\"25f330b6\" data-element_type=\"section\" data-e-type=\"section\" data-settings=\"{&quot;background_background&quot;:&quot;classic&quot;}\">\n\t\t\t\t\t\t\t<div class=\"elementor-background-overlay\"><\/div>\n\t\t\t\t\t\t\t<div class=\"elementor-container elementor-column-gap-default\">\n\t\t\t\t\t<div class=\"elementor-column elementor-col-100 elementor-top-column elementor-element elementor-element-409d9ba6\" data-id=\"409d9ba6\" data-element_type=\"column\" data-e-type=\"column\">\n\t\t\t<div class=\"elementor-widget-wrap elementor-element-populated\">\n\t\t\t\t\t\t<div class=\"elementor-element elementor-element-2ae19d6a elementor-widget elementor-widget-heading\" data-id=\"2ae19d6a\" data-element_type=\"widget\" data-e-type=\"widget\" data-widget_type=\"heading.default\">\n\t\t\t\t<div class=\"elementor-widget-container\">\n\t\t\t\t\t<h2 class=\"elementor-heading-title elementor-size-default\">As-Built-CAD-Dokumentation<\/h2>\t\t\t\t<\/div>\n\t\t\t\t<\/div>\n\t\t\t\t\t<\/div>\n\t\t<\/div>\n\t\t\t\t\t<\/div>\n\t\t<\/section>\n\t\t\t\t<section class=\"elementor-section elementor-top-section elementor-element elementor-element-1a63d96 elementor-section-boxed elementor-section-height-default elementor-section-height-default\" data-id=\"1a63d96\" data-element_type=\"section\" data-e-type=\"section\">\n\t\t\t\t\t\t<div class=\"elementor-container elementor-column-gap-default\">\n\t\t\t\t\t<div class=\"elementor-column elementor-col-50 elementor-top-column elementor-element elementor-element-62f0560\" data-id=\"62f0560\" data-element_type=\"column\" data-e-type=\"column\">\n\t\t\t<div class=\"elementor-widget-wrap elementor-element-populated\">\n\t\t\t\t\t\t<div class=\"elementor-element elementor-element-5cc1684 elementor-widget elementor-widget-heading\" data-id=\"5cc1684\" data-element_type=\"widget\" data-e-type=\"widget\" data-widget_type=\"heading.default\">\n\t\t\t\t<div class=\"elementor-widget-container\">\n\t\t\t\t\t<h2 class=\"elementor-heading-title elementor-size-default\">Was ist eine As-Built-CAD-Dokumentation<\/h2>\t\t\t\t<\/div>\n\t\t\t\t<\/div>\n\t\t\t\t<div class=\"elementor-element elementor-element-3fc9726 elementor-widget elementor-widget-text-editor\" data-id=\"3fc9726\" data-element_type=\"widget\" data-e-type=\"widget\" data-widget_type=\"text-editor.default\">\n\t\t\t\t<div class=\"elementor-widget-container\">\n\t\t\t\t\t\t\t\t\t<p>Wir erstellen 2D-CAD-Zeichnungen des tats\u00e4chlich ausgef\u00fchrten Zustands durch Vektorisierung der Punktewolken. Dank dieser Methode erreicht die CAD-Dokumentation eine sehr hohe Genauigkeit, die f\u00fcr eine effiziente Nutzung w\u00e4hrend des gesamten Lebenszyklus des Bauwerks von entscheidender Bedeutung ist.<\/p><p>Diese Dokumentation enth\u00e4lt in der Regel Grundrisse aller Geschosse, Fassadenansichten und Schnitte. Umfang und Detaillierungsgrad k\u00f6nnen nach Kundenwunsch angepasst werden.<\/p><p>Durch die Spezifikation des Detaillierungsgrades der zu liefernden CAD-Dokumentation lassen sich erhebliche Zeit- und Kostenersparnisse erzielen. Die Spezifikation des LOD ist bereits bei der Datenerfassung ma\u00dfgebend, da sie die geforderte Dichte der zur Erstellung der 2D-CAD-Zeichnungen ben\u00f6tigten Punktewolke vorgibt.<\/p>\t\t\t\t\t\t\t\t<\/div>\n\t\t\t\t<\/div>\n\t\t\t\t<div class=\"elementor-element elementor-element-46b343c elementor-align-end elementor-icon-list--layout-traditional elementor-list-item-link-full_width elementor-widget elementor-widget-icon-list\" data-id=\"46b343c\" data-element_type=\"widget\" data-e-type=\"widget\" data-widget_type=\"icon-list.default\">\n\t\t\t\t<div class=\"elementor-widget-container\">\n\t\t\t\t\t\t\t<ul class=\"elementor-icon-list-items\">\n\t\t\t\t\t\t\t<li class=\"elementor-icon-list-item\">\n\t\t\t\t\t\t\t\t\t\t\t<span class=\"elementor-icon-list-icon\">\n\t\t\t\t\t\t\t\t\t\t\t\t\t\t\t\t<i class=\"fa fa-download\" aria-hidden=\"true\"><\/i>\n\t\t\t\t\t\t\t\t\t\t\t\t\t<\/span>\n\t\t\t\t\t\t\t\t\t\t<span class=\"elementor-icon-list-text\">Siehe <b> LOD-Formblatt<\/b> f\u00fcr CAD-Dokumentation<\/span>\n\t\t\t\t\t\t\t\t\t<\/li>\n\t\t\t\t\t\t<\/ul>\n\t\t\t\t\t\t<\/div>\n\t\t\t\t<\/div>\n\t\t\t\t\t<\/div>\n\t\t<\/div>\n\t\t\t\t<div class=\"elementor-column elementor-col-50 elementor-top-column elementor-element elementor-element-202b931\" data-id=\"202b931\" data-element_type=\"column\" data-e-type=\"column\">\n\t\t\t<div class=\"elementor-widget-wrap elementor-element-populated\">\n\t\t\t\t\t\t<div class=\"elementor-element elementor-element-3cc04bd elementor-widget elementor-widget-heading\" data-id=\"3cc04bd\" data-element_type=\"widget\" data-e-type=\"widget\" data-widget_type=\"heading.default\">\n\t\t\t\t<div class=\"elementor-widget-container\">\n\t\t\t\t\t<h2 class=\"elementor-heading-title elementor-size-default\">Anwendungsbeispiele f\u00fcr As-Built-CAD-Zeichnungen<\/h2>\t\t\t\t<\/div>\n\t\t\t\t<\/div>\n\t\t\t\t<div class=\"elementor-element elementor-element-49722ca elementor-icon-list--layout-traditional elementor-list-item-link-full_width elementor-widget elementor-widget-icon-list\" data-id=\"49722ca\" data-element_type=\"widget\" data-e-type=\"widget\" data-widget_type=\"icon-list.default\">\n\t\t\t\t<div class=\"elementor-widget-container\">\n\t\t\t\t\t\t\t<ul class=\"elementor-icon-list-items\">\n\t\t\t\t\t\t\t<li class=\"elementor-icon-list-item\">\n\t\t\t\t\t\t\t\t\t\t\t<span class=\"elementor-icon-list-icon\">\n\t\t\t\t\t\t\t\t\t\t\t\t\t\t\t\t<i class=\"fa fa-check-circle\" aria-hidden=\"true\"><\/i>\n\t\t\t\t\t\t\t\t\t\t\t\t\t<\/span>\n\t\t\t\t\t\t\t\t\t\t<span class=\"elementor-icon-list-text\">Unterlagen f\u00fcr Rekonstruktionen<\/span>\n\t\t\t\t\t\t\t\t\t<\/li>\n\t\t\t\t\t\t\t\t<li class=\"elementor-icon-list-item\">\n\t\t\t\t\t\t\t\t\t\t\t<span class=\"elementor-icon-list-icon\">\n\t\t\t\t\t\t\t\t\t\t\t\t\t\t\t\t<i class=\"fa fa-check-circle\" aria-hidden=\"true\"><\/i>\n\t\t\t\t\t\t\t\t\t\t\t\t\t<\/span>\n\t\t\t\t\t\t\t\t\t\t<span class=\"elementor-icon-list-text\">Unterlagen f\u00fcr Renovierungen<\/span>\n\t\t\t\t\t\t\t\t\t<\/li>\n\t\t\t\t\t\t\t\t<li class=\"elementor-icon-list-item\">\n\t\t\t\t\t\t\t\t\t\t\t<span class=\"elementor-icon-list-icon\">\n\t\t\t\t\t\t\t\t\t\t\t\t\t\t\t\t<i class=\"fa fa-check-circle\" aria-hidden=\"true\"><\/i>\n\t\t\t\t\t\t\t\t\t\t\t\t\t<\/span>\n\t\t\t\t\t\t\t\t\t\t<span class=\"elementor-icon-list-text\">Unterlagen f\u00fcr Abrisse<\/span>\n\t\t\t\t\t\t\t\t\t<\/li>\n\t\t\t\t\t\t\t\t<li class=\"elementor-icon-list-item\">\n\t\t\t\t\t\t\t\t\t\t\t<span class=\"elementor-icon-list-icon\">\n\t\t\t\t\t\t\t\t\t\t\t\t\t\t\t\t<i class=\"fa fa-check-circle\" aria-hidden=\"true\"><\/i>\n\t\t\t\t\t\t\t\t\t\t\t\t\t<\/span>\n\t\t\t\t\t\t\t\t\t\t<span class=\"elementor-icon-list-text\">Unterlagen f\u00fcr die Objektverwaltung<\/span>\n\t\t\t\t\t\t\t\t\t<\/li>\n\t\t\t\t\t\t\t\t<li class=\"elementor-icon-list-item\">\n\t\t\t\t\t\t\t\t\t\t\t<span class=\"elementor-icon-list-icon\">\n\t\t\t\t\t\t\t\t\t\t\t\t\t\t\t\t<i class=\"fa fa-check-circle\" aria-hidden=\"true\"><\/i>\n\t\t\t\t\t\t\t\t\t\t\t\t\t<\/span>\n\t\t\t\t\t\t\t\t\t\t<span class=\"elementor-icon-list-text\">Unterlagen f\u00fcr Kalkulanten<\/span>\n\t\t\t\t\t\t\t\t\t<\/li>\n\t\t\t\t\t\t\t\t<li class=\"elementor-icon-list-item\">\n\t\t\t\t\t\t\t\t\t\t\t<span class=\"elementor-icon-list-icon\">\n\t\t\t\t\t\t\t\t\t\t\t\t\t\t\t\t<i class=\"fa fa-check-circle\" aria-hidden=\"true\"><\/i>\n\t\t\t\t\t\t\t\t\t\t\t\t\t<\/span>\n\t\t\t\t\t\t\t\t\t\t<span class=\"elementor-icon-list-text\">Energetische Analyse von Objekten<\/span>\n\t\t\t\t\t\t\t\t\t<\/li>\n\t\t\t\t\t\t\t\t<li class=\"elementor-icon-list-item\">\n\t\t\t\t\t\t\t\t\t\t\t<span class=\"elementor-icon-list-icon\">\n\t\t\t\t\t\t\t\t\t\t\t\t\t\t\t\t<i class=\"fa fa-check-circle\" aria-hidden=\"true\"><\/i>\n\t\t\t\t\t\t\t\t\t\t\t\t\t<\/span>\n\t\t\t\t\t\t\t\t\t\t<span class=\"elementor-icon-list-text\">Ermittlung von vermietbaren Fl\u00e4chen (BOMA, GIF, RICS, IMPS)<\/span>\n\t\t\t\t\t\t\t\t\t<\/li>\n\t\t\t\t\t\t<\/ul>\n\t\t\t\t\t\t<\/div>\n\t\t\t\t<\/div>\n\t\t\t\t\t<\/div>\n\t\t<\/div>\n\t\t\t\t\t<\/div>\n\t\t<\/section>\n\t\t\t\t<section class=\"elementor-section elementor-top-section elementor-element elementor-element-8488706 elementor-section-boxed elementor-section-height-default elementor-section-height-default\" data-id=\"8488706\" data-element_type=\"section\" data-e-type=\"section\">\n\t\t\t\t\t\t<div class=\"elementor-container elementor-column-gap-default\">\n\t\t\t\t\t<div class=\"elementor-column elementor-col-100 elementor-top-column elementor-element elementor-element-7eee640\" data-id=\"7eee640\" data-element_type=\"column\" data-e-type=\"column\">\n\t\t\t<div class=\"elementor-widget-wrap elementor-element-populated\">\n\t\t\t\t\t\t<div class=\"elementor-element elementor-element-4ad19b6 elementor-widget elementor-widget-heading\" data-id=\"4ad19b6\" data-element_type=\"widget\" data-e-type=\"widget\" data-widget_type=\"heading.default\">\n\t\t\t\t<div class=\"elementor-widget-container\">\n\t\t\t\t\t<h2 class=\"elementor-heading-title elementor-size-default\">Projekte<\/h2>\t\t\t\t<\/div>\n\t\t\t\t<\/div>\n\t\t\t\t<div class=\"elementor-element elementor-element-e3a65a1 elementor-grid-3 elementor-grid-tablet-2 elementor-grid-mobile-1 elementor-widget elementor-widget-portfolio\" data-id=\"e3a65a1\" data-element_type=\"widget\" data-e-type=\"widget\" data-settings=\"{&quot;columns&quot;:&quot;3&quot;,&quot;columns_tablet&quot;:&quot;2&quot;,&quot;columns_mobile&quot;:&quot;1&quot;,&quot;item_ratio&quot;:{&quot;unit&quot;:&quot;px&quot;,&quot;size&quot;:0.66000000000000003,&quot;sizes&quot;:[]},&quot;item_gap&quot;:{&quot;unit&quot;:&quot;px&quot;,&quot;size&quot;:&quot;&quot;,&quot;sizes&quot;:[]},&quot;row_gap&quot;:{&quot;unit&quot;:&quot;px&quot;,&quot;size&quot;:&quot;&quot;,&quot;sizes&quot;:[]}}\" data-widget_type=\"portfolio.default\">\n\t\t\t\t<div class=\"elementor-widget-container\">\n\t\t\t\t\t\t\t<div class=\"elementor-portfolio elementor-grid elementor-posts-container\" role=\"list\">\n\t\t\t\t<article class=\"elementor-portfolio-item elementor-post  post-7486 post type-post status-publish format-standard has-post-thumbnail hentry category-360-foto-viewer category-3d-laserscanning category-cad-dokumentation category-luftbildmessung category-orthofoto category-punktewolke\" role=\"listitem\">\n\t\t\t<a class=\"elementor-post__thumbnail__link\" href=\"https:\/\/www.measure2bim.eu\/de\/2021\/11\/19\/cad-projekt-burg-slavin\/\">\n\t\t\t\t<div class=\"elementor-portfolio-item__img elementor-post__thumbnail\">\n\t\t\t<img fetchpriority=\"high\" decoding=\"async\" width=\"768\" height=\"432\" src=\"https:\/\/www.measure2bim.eu\/wp-content\/uploads\/2021\/11\/03HQ--768x432.jpg\" class=\"attachment-medium_large size-medium_large wp-image-7474\" alt=\"Leteck\u00e9 zam\u011b\u0159en\u00ed a laserov\u00e9 skenov\u00e1n\u00ed\" srcset=\"https:\/\/www.measure2bim.eu\/wp-content\/uploads\/2021\/11\/03HQ--768x432.jpg 768w, https:\/\/www.measure2bim.eu\/wp-content\/uploads\/2021\/11\/03HQ--300x169.jpg 300w, https:\/\/www.measure2bim.eu\/wp-content\/uploads\/2021\/11\/03HQ--1024x576.jpg 1024w, https:\/\/www.measure2bim.eu\/wp-content\/uploads\/2021\/11\/03HQ--1536x864.jpg 1536w, https:\/\/www.measure2bim.eu\/wp-content\/uploads\/2021\/11\/03HQ--2048x1152.jpg 2048w\" sizes=\"(max-width: 768px) 100vw, 768px\" \/>\t\t<\/div>\n\t\t\t\t<div class=\"elementor-portfolio-item__overlay\">\n\t\t\t\t<h3 class=\"elementor-portfolio-item__title\">\n\t\tCAD-Projekt <br> Burg Slavin\t\t<\/h3>\n\t\t\t\t<\/div>\n\t\t\t\t<\/a>\n\t\t<\/article>\n\t\t\t\t<article class=\"elementor-portfolio-item elementor-post  post-6790 post type-post status-publish format-standard has-post-thumbnail hentry category-360-foto-viewer category-3d-laserscanning category-cad-dokumentation category-punktewolke\" role=\"listitem\">\n\t\t\t<a class=\"elementor-post__thumbnail__link\" href=\"https:\/\/www.measure2bim.eu\/de\/2021\/04\/12\/cad-projekt-wohngebaeude\/\">\n\t\t\t\t<div class=\"elementor-portfolio-item__img elementor-post__thumbnail\">\n\t\t\t<img decoding=\"async\" width=\"768\" height=\"432\" src=\"https:\/\/www.measure2bim.eu\/wp-content\/uploads\/2021\/04\/title-768x432.png\" class=\"attachment-medium_large size-medium_large wp-image-6771\" alt=\"\" srcset=\"https:\/\/www.measure2bim.eu\/wp-content\/uploads\/2021\/04\/title-768x432.png 768w, https:\/\/www.measure2bim.eu\/wp-content\/uploads\/2021\/04\/title-300x169.png 300w, https:\/\/www.measure2bim.eu\/wp-content\/uploads\/2021\/04\/title-1024x576.png 1024w\" sizes=\"(max-width: 768px) 100vw, 768px\" \/>\t\t<\/div>\n\t\t\t\t<div class=\"elementor-portfolio-item__overlay\">\n\t\t\t\t<h3 class=\"elementor-portfolio-item__title\">\n\t\tCAD-PROJEKT <br> Wohngeb\u00e4ude\t\t<\/h3>\n\t\t\t\t<\/div>\n\t\t\t\t<\/a>\n\t\t<\/article>\n\t\t\t\t<article class=\"elementor-portfolio-item elementor-post  post-6571 post type-post status-publish format-standard has-post-thumbnail hentry category-360-foto-viewer category-3d-laserscanning category-cad-dokumentation category-punktewolke\" role=\"listitem\">\n\t\t\t<a class=\"elementor-post__thumbnail__link\" href=\"https:\/\/www.measure2bim.eu\/de\/2020\/11\/23\/cad-projekt-zitna\/\">\n\t\t\t\t<div class=\"elementor-portfolio-item__img elementor-post__thumbnail\">\n\t\t\t<img decoding=\"async\" width=\"768\" height=\"432\" src=\"https:\/\/www.measure2bim.eu\/wp-content\/uploads\/2020\/11\/000-768x432.jpg\" class=\"attachment-medium_large size-medium_large wp-image-6549\" alt=\"\" srcset=\"https:\/\/www.measure2bim.eu\/wp-content\/uploads\/2020\/11\/000-768x432.jpg 768w, https:\/\/www.measure2bim.eu\/wp-content\/uploads\/2020\/11\/000-300x169.jpg 300w, https:\/\/www.measure2bim.eu\/wp-content\/uploads\/2020\/11\/000-1024x576.jpg 1024w\" sizes=\"(max-width: 768px) 100vw, 768px\" \/>\t\t<\/div>\n\t\t\t\t<div class=\"elementor-portfolio-item__overlay\">\n\t\t\t\t<h3 class=\"elementor-portfolio-item__title\">\n\t\tCAD-Projekt <br> Zitna\t\t<\/h3>\n\t\t\t\t<\/div>\n\t\t\t\t<\/a>\n\t\t<\/article>\n\t\t\t\t<\/div>\n\t\t\t\t\t\t<\/div>\n\t\t\t\t<\/div>\n\t\t\t\t\t<\/div>\n\t\t<\/div>\n\t\t\t\t\t<\/div>\n\t\t<\/section>\n\t\t\t\t<\/div>\n\t\t","protected":false},"excerpt":{"rendered":"<p class=\"excerpt\">As-Built-CAD-Dokumentation Was ist eine As-Built-CAD-Dokumentation Wir erstellen 2D-CAD-Zeichnungen des tats\u00e4chlich ausgef\u00fchrten Zustands durch Vektorisierung der Punktewolken. Dank dieser Methode erreicht die CAD-Dokumentation eine sehr hohe Genauigkeit, die f\u00fcr eine effiziente Nutzung w\u00e4hrend des gesamten Lebenszyklus des Bauwerks von entscheidender Bedeutung ist. Diese Dokumentation enth\u00e4lt in der Regel Grundrisse aller Geschosse, Fassadenansichten und Schnitte. Umfang und [&hellip;]<\/p>\n","protected":false},"author":5,"featured_media":0,"parent":0,"menu_order":0,"comment_status":"closed","ping_status":"closed","template":"template-blank.php","meta":{"footnotes":""},"class_list":["post-5539","page","type-page","status-publish","hentry"],"yoast_head":"<!-- This site is optimized with the Yoast SEO plugin v22.1 - https:\/\/yoast.com\/wordpress\/plugins\/seo\/ -->\n<title>CAD - Measure2BIM<\/title>\n<meta name=\"description\" content=\"Wir erstellen 2D-CAD-Zeichnungen des tats\u00e4chlich ausgef\u00fchrten Zustands durch Vektorisierung der Punktewolken. Dank dieser Methode erreicht die CAD-Dokumentation eine sehr hohe Genauigkeit, die f\u00fcr eine effiziente Nutzung w\u00e4hrend des gesamten Lebenszyklus des Bauwerks von entscheidender Bedeutung ist.Diese Dokumentation enth\u00e4lt in der Regel Grundrisse aller Geschosse, Fassadenansichten und Schnitte.\" \/>\n<meta name=\"robots\" content=\"index, follow, max-snippet:-1, max-image-preview:large, max-video-preview:-1\" \/>\n<link rel=\"canonical\" href=\"https:\/\/www.measure2bim.eu\/cad\/\" \/>\n<meta property=\"og:locale\" content=\"de_DE\" \/>\n<meta property=\"og:type\" content=\"article\" \/>\n<meta property=\"og:title\" content=\"CAD - Measure2BIM\" \/>\n<meta property=\"og:description\" content=\"Wir erstellen 2D-CAD-Zeichnungen des tats\u00e4chlich ausgef\u00fchrten Zustands durch Vektorisierung der Punktewolken. Dank dieser Methode erreicht die CAD-Dokumentation eine sehr hohe Genauigkeit, die f\u00fcr eine effiziente Nutzung w\u00e4hrend des gesamten Lebenszyklus des Bauwerks von entscheidender Bedeutung ist.Diese Dokumentation enth\u00e4lt in der Regel Grundrisse aller Geschosse, Fassadenansichten und Schnitte.\" \/>\n<meta property=\"og:url\" content=\"https:\/\/www.measure2bim.eu\/cad\/\" \/>\n<meta property=\"og:site_name\" content=\"Measure2BIM\" \/>\n<meta property=\"article:publisher\" content=\"https:\/\/www.facebook.com\/measure2BIM\/\" \/>\n<meta property=\"article:modified_time\" content=\"2019-12-12T09:57:21+00:00\" \/>\n<meta name=\"twitter:card\" content=\"summary_large_image\" \/>\n<meta name=\"twitter:label1\" content=\"Gesch\u00e4tzte Lesezeit\" \/>\n\t<meta name=\"twitter:data1\" content=\"1\u00a0Minute\" \/>\n<script type=\"application\/ld+json\" class=\"yoast-schema-graph\">{\"@context\":\"https:\/\/schema.org\",\"@graph\":[{\"@type\":\"WebPage\",\"@id\":\"https:\/\/www.measure2bim.eu\/cad\/\",\"url\":\"https:\/\/www.measure2bim.eu\/cad\/\",\"name\":\"CAD - Measure2BIM\",\"isPartOf\":{\"@id\":\"https:\/\/www.measure2bim.eu\/#website\"},\"datePublished\":\"2019-11-13T16:18:22+00:00\",\"dateModified\":\"2019-12-12T09:57:21+00:00\",\"description\":\"Wir erstellen 2D-CAD-Zeichnungen des tats\u00e4chlich ausgef\u00fchrten Zustands durch Vektorisierung der Punktewolken. Dank dieser Methode erreicht die CAD-Dokumentation eine sehr hohe Genauigkeit, die f\u00fcr eine effiziente Nutzung w\u00e4hrend des gesamten Lebenszyklus des Bauwerks von entscheidender Bedeutung ist.Diese Dokumentation enth\u00e4lt in der Regel Grundrisse aller Geschosse, Fassadenansichten und Schnitte.\",\"breadcrumb\":{\"@id\":\"https:\/\/www.measure2bim.eu\/cad\/#breadcrumb\"},\"inLanguage\":\"de\",\"potentialAction\":[{\"@type\":\"ReadAction\",\"target\":[\"https:\/\/www.measure2bim.eu\/cad\/\"]}]},{\"@type\":\"BreadcrumbList\",\"@id\":\"https:\/\/www.measure2bim.eu\/cad\/#breadcrumb\",\"itemListElement\":[{\"@type\":\"ListItem\",\"position\":1,\"name\":\"\u00davod\",\"item\":\"http:\/\/www.measure2bim.eu\/de\/\"},{\"@type\":\"ListItem\",\"position\":2,\"name\":\"CAD\"}]},{\"@type\":\"WebSite\",\"@id\":\"https:\/\/www.measure2bim.eu\/#website\",\"url\":\"https:\/\/www.measure2bim.eu\/\",\"name\":\"Measure2BIM\",\"description\":\"Specialist\u00e9 na 3D skenov\u00e1n\u00ed a BIM\",\"potentialAction\":[{\"@type\":\"SearchAction\",\"target\":{\"@type\":\"EntryPoint\",\"urlTemplate\":\"https:\/\/www.measure2bim.eu\/?s={search_term_string}\"},\"query-input\":\"required name=search_term_string\"}],\"inLanguage\":\"de\"}]}<\/script>\n<!-- \/ Yoast SEO plugin. -->","yoast_head_json":{"title":"CAD - Measure2BIM","description":"Wir erstellen 2D-CAD-Zeichnungen des tats\u00e4chlich ausgef\u00fchrten Zustands durch Vektorisierung der Punktewolken. Dank dieser Methode erreicht die CAD-Dokumentation eine sehr hohe Genauigkeit, die f\u00fcr eine effiziente Nutzung w\u00e4hrend des gesamten Lebenszyklus des Bauwerks von entscheidender Bedeutung ist.Diese Dokumentation enth\u00e4lt in der Regel Grundrisse aller Geschosse, Fassadenansichten und Schnitte.","robots":{"index":"index","follow":"follow","max-snippet":"max-snippet:-1","max-image-preview":"max-image-preview:large","max-video-preview":"max-video-preview:-1"},"canonical":"https:\/\/www.measure2bim.eu\/cad\/","og_locale":"de_DE","og_type":"article","og_title":"CAD - Measure2BIM","og_description":"Wir erstellen 2D-CAD-Zeichnungen des tats\u00e4chlich ausgef\u00fchrten Zustands durch Vektorisierung der Punktewolken. Dank dieser Methode erreicht die CAD-Dokumentation eine sehr hohe Genauigkeit, die f\u00fcr eine effiziente Nutzung w\u00e4hrend des gesamten Lebenszyklus des Bauwerks von entscheidender Bedeutung ist.Diese Dokumentation enth\u00e4lt in der Regel Grundrisse aller Geschosse, Fassadenansichten und Schnitte.","og_url":"https:\/\/www.measure2bim.eu\/cad\/","og_site_name":"Measure2BIM","article_publisher":"https:\/\/www.facebook.com\/measure2BIM\/","article_modified_time":"2019-12-12T09:57:21+00:00","twitter_card":"summary_large_image","twitter_misc":{"Gesch\u00e4tzte Lesezeit":"1\u00a0Minute"},"schema":{"@context":"https:\/\/schema.org","@graph":[{"@type":"WebPage","@id":"https:\/\/www.measure2bim.eu\/cad\/","url":"https:\/\/www.measure2bim.eu\/cad\/","name":"CAD - Measure2BIM","isPartOf":{"@id":"https:\/\/www.measure2bim.eu\/#website"},"datePublished":"2019-11-13T16:18:22+00:00","dateModified":"2019-12-12T09:57:21+00:00","description":"Wir erstellen 2D-CAD-Zeichnungen des tats\u00e4chlich ausgef\u00fchrten Zustands durch Vektorisierung der Punktewolken. Dank dieser Methode erreicht die CAD-Dokumentation eine sehr hohe Genauigkeit, die f\u00fcr eine effiziente Nutzung w\u00e4hrend des gesamten Lebenszyklus des Bauwerks von entscheidender Bedeutung ist.Diese Dokumentation enth\u00e4lt in der Regel Grundrisse aller Geschosse, Fassadenansichten und Schnitte.","breadcrumb":{"@id":"https:\/\/www.measure2bim.eu\/cad\/#breadcrumb"},"inLanguage":"de","potentialAction":[{"@type":"ReadAction","target":["https:\/\/www.measure2bim.eu\/cad\/"]}]},{"@type":"BreadcrumbList","@id":"https:\/\/www.measure2bim.eu\/cad\/#breadcrumb","itemListElement":[{"@type":"ListItem","position":1,"name":"\u00davod","item":"http:\/\/www.measure2bim.eu\/de\/"},{"@type":"ListItem","position":2,"name":"CAD"}]},{"@type":"WebSite","@id":"https:\/\/www.measure2bim.eu\/#website","url":"https:\/\/www.measure2bim.eu\/","name":"Measure2BIM","description":"Specialist\u00e9 na 3D skenov\u00e1n\u00ed a BIM","potentialAction":[{"@type":"SearchAction","target":{"@type":"EntryPoint","urlTemplate":"https:\/\/www.measure2bim.eu\/?s={search_term_string}"},"query-input":"required name=search_term_string"}],"inLanguage":"de"}]}},"_links":{"self":[{"href":"https:\/\/www.measure2bim.eu\/de\/wp-json\/wp\/v2\/pages\/5539","targetHints":{"allow":["GET"]}}],"collection":[{"href":"https:\/\/www.measure2bim.eu\/de\/wp-json\/wp\/v2\/pages"}],"about":[{"href":"https:\/\/www.measure2bim.eu\/de\/wp-json\/wp\/v2\/types\/page"}],"author":[{"embeddable":true,"href":"https:\/\/www.measure2bim.eu\/de\/wp-json\/wp\/v2\/users\/5"}],"replies":[{"embeddable":true,"href":"https:\/\/www.measure2bim.eu\/de\/wp-json\/wp\/v2\/comments?post=5539"}],"version-history":[{"count":8,"href":"https:\/\/www.measure2bim.eu\/de\/wp-json\/wp\/v2\/pages\/5539\/revisions"}],"predecessor-version":[{"id":5636,"href":"https:\/\/www.measure2bim.eu\/de\/wp-json\/wp\/v2\/pages\/5539\/revisions\/5636"}],"wp:attachment":[{"href":"https:\/\/www.measure2bim.eu\/de\/wp-json\/wp\/v2\/media?parent=5539"}],"curies":[{"name":"wp","href":"https:\/\/api.w.org\/{rel}","templated":true}]}}