{"id":5511,"date":"2019-11-13T16:41:17","date_gmt":"2019-11-13T15:41:17","guid":{"rendered":"https:\/\/www.measure2bim.eu\/?page_id=5511"},"modified":"2020-10-08T13:00:32","modified_gmt":"2020-10-08T11:00:32","slug":"3d-laserscanning","status":"publish","type":"page","link":"https:\/\/www.measure2bim.eu\/de\/3d-laserscanning\/","title":{"rendered":"3D-Laserscanning"},"content":{"rendered":"\t\t<div data-elementor-type=\"wp-post\" data-elementor-id=\"5511\" class=\"elementor elementor-5511 elementor-4268\" data-elementor-post-type=\"page\">\n\t\t\t\t\t\t<section class=\"elementor-section elementor-top-section elementor-element elementor-element-60684ef9 elementor-section-height-min-height elementor-section-boxed elementor-section-height-default elementor-section-items-middle\" data-id=\"60684ef9\" data-element_type=\"section\" data-e-type=\"section\" data-settings=\"{&quot;background_background&quot;:&quot;classic&quot;}\">\n\t\t\t\t\t\t\t<div class=\"elementor-background-overlay\"><\/div>\n\t\t\t\t\t\t\t<div class=\"elementor-container elementor-column-gap-default\">\n\t\t\t\t\t<div class=\"elementor-column elementor-col-100 elementor-top-column elementor-element elementor-element-a0dec\" data-id=\"a0dec\" data-element_type=\"column\" data-e-type=\"column\">\n\t\t\t<div class=\"elementor-widget-wrap elementor-element-populated\">\n\t\t\t\t\t\t<div class=\"elementor-element elementor-element-4671d6ca elementor-widget elementor-widget-heading\" data-id=\"4671d6ca\" data-element_type=\"widget\" data-e-type=\"widget\" data-widget_type=\"heading.default\">\n\t\t\t\t<div class=\"elementor-widget-container\">\n\t\t\t\t\t<h2 class=\"elementor-heading-title elementor-size-default\">3D-Laserscanning<\/h2>\t\t\t\t<\/div>\n\t\t\t\t<\/div>\n\t\t\t\t\t<\/div>\n\t\t<\/div>\n\t\t\t\t\t<\/div>\n\t\t<\/section>\n\t\t\t\t<section class=\"elementor-section elementor-top-section elementor-element elementor-element-d7f82c3 elementor-section-boxed elementor-section-height-default elementor-section-height-default\" data-id=\"d7f82c3\" data-element_type=\"section\" data-e-type=\"section\">\n\t\t\t\t\t\t<div class=\"elementor-container elementor-column-gap-default\">\n\t\t\t\t\t<div class=\"elementor-column elementor-col-50 elementor-top-column elementor-element elementor-element-ac80d84\" data-id=\"ac80d84\" data-element_type=\"column\" data-e-type=\"column\">\n\t\t\t<div class=\"elementor-widget-wrap elementor-element-populated\">\n\t\t\t\t\t\t<div class=\"elementor-element elementor-element-3b64d68 elementor-widget elementor-widget-heading\" data-id=\"3b64d68\" data-element_type=\"widget\" data-e-type=\"widget\" data-widget_type=\"heading.default\">\n\t\t\t\t<div class=\"elementor-widget-container\">\n\t\t\t\t\t<h2 class=\"elementor-heading-title elementor-size-default\">Was ist 3D-Laserscanning?<\/h2>\t\t\t\t<\/div>\n\t\t\t\t<\/div>\n\t\t\t\t<div class=\"elementor-element elementor-element-855cf4d elementor-widget elementor-widget-text-editor\" data-id=\"855cf4d\" data-element_type=\"widget\" data-e-type=\"widget\" data-widget_type=\"text-editor.default\">\n\t\t\t\t<div class=\"elementor-widget-container\">\n\t\t\t\t\t\t\t\t\t<p>Zur Vermessung von bestehenden Objekten nutzen wir die Technologie 3D-Laserscanning in Kombination mit Photogrammetrie und klassischen Vermessungsmethoden. Die Datenerfassung erfolgt im Vergleich mit den klassischen Verfahren um ein Vielfaches schneller und erm\u00f6glicht eine umfassendere Vermessung (3D-Modell).Das Scanning l\u00e4sst sich bei vollem Geb\u00e4udebetrieb durchf\u00fchren. Das Ergebnis des 3D-Laserscannings ist ein 3D-Modell des gescannten Objekts in Form einer sog. Punktewolke, die sich in Ihre CAD- und BIM-Software importieren l\u00e4sst. Die Vermessung kann in einem lokalen Koordinatensystem oder in Anbindung an das Einheitliche Trigonometrische Katasternetz sowie das Baltische H\u00f6hensystem nach Ausgleichung erfolgen. Das gesamte Projekt l\u00e4sst sich mit Hilfe von identischen Punkten auch nachtr\u00e4glich georeferenzieren.\u00a0<\/p>\t\t\t\t\t\t\t\t<\/div>\n\t\t\t\t<\/div>\n\t\t\t\t\t<\/div>\n\t\t<\/div>\n\t\t\t\t<div class=\"elementor-column elementor-col-50 elementor-top-column elementor-element elementor-element-c451560\" data-id=\"c451560\" data-element_type=\"column\" data-e-type=\"column\">\n\t\t\t<div class=\"elementor-widget-wrap elementor-element-populated\">\n\t\t\t\t\t\t<div class=\"elementor-element elementor-element-1d560c4 elementor-widget elementor-widget-heading\" data-id=\"1d560c4\" data-element_type=\"widget\" data-e-type=\"widget\" data-widget_type=\"heading.default\">\n\t\t\t\t<div class=\"elementor-widget-container\">\n\t\t\t\t\t<h2 class=\"elementor-heading-title elementor-size-default\">Anwendungsbeispiele f\u00fcr 3D-Laserscanning<\/h2>\t\t\t\t<\/div>\n\t\t\t\t<\/div>\n\t\t\t\t<div class=\"elementor-element elementor-element-c65ae03 elementor-icon-list--layout-traditional elementor-list-item-link-full_width elementor-widget elementor-widget-icon-list\" data-id=\"c65ae03\" data-element_type=\"widget\" data-e-type=\"widget\" data-widget_type=\"icon-list.default\">\n\t\t\t\t<div class=\"elementor-widget-container\">\n\t\t\t\t\t\t\t<ul class=\"elementor-icon-list-items\">\n\t\t\t\t\t\t\t<li class=\"elementor-icon-list-item\">\n\t\t\t\t\t\t\t\t\t\t\t<span class=\"elementor-icon-list-icon\">\n\t\t\t\t\t\t\t\t\t\t\t\t\t\t\t\t<i class=\"fa fa-check-circle\" aria-hidden=\"true\"><\/i>\n\t\t\t\t\t\t\t\t\t\t\t\t\t<\/span>\n\t\t\t\t\t\t\t\t\t\t<span class=\"elementor-icon-list-text\">Dokumentation von Technologien, Ausstattungen oder Objekten <\/span>\n\t\t\t\t\t\t\t\t\t<\/li>\n\t\t\t\t\t\t\t\t<li class=\"elementor-icon-list-item\">\n\t\t\t\t\t\t\t\t\t\t\t<span class=\"elementor-icon-list-icon\">\n\t\t\t\t\t\t\t\t\t\t\t\t\t\t\t\t<i class=\"fa fa-check-circle\" aria-hidden=\"true\"><\/i>\n\t\t\t\t\t\t\t\t\t\t\t\t\t<\/span>\n\t\t\t\t\t\t\t\t\t\t<span class=\"elementor-icon-list-text\">Analyse der tats\u00e4chlichen Ausf\u00fchrung von Bauwerken<\/span>\n\t\t\t\t\t\t\t\t\t<\/li>\n\t\t\t\t\t\t\t\t<li class=\"elementor-icon-list-item\">\n\t\t\t\t\t\t\t\t\t\t\t<span class=\"elementor-icon-list-icon\">\n\t\t\t\t\t\t\t\t\t\t\t\t\t\t\t\t<i class=\"fa fa-check-circle\" aria-hidden=\"true\"><\/i>\n\t\t\t\t\t\t\t\t\t\t\t\t\t<\/span>\n\t\t\t\t\t\t\t\t\t\t<span class=\"elementor-icon-list-text\">Kartierung und Analyse von Objektverformungen<\/span>\n\t\t\t\t\t\t\t\t\t<\/li>\n\t\t\t\t\t\t\t\t<li class=\"elementor-icon-list-item\">\n\t\t\t\t\t\t\t\t\t\t\t<span class=\"elementor-icon-list-icon\">\n\t\t\t\t\t\t\t\t\t\t\t\t\t\t\t\t<i class=\"fa fa-check-circle\" aria-hidden=\"true\"><\/i>\n\t\t\t\t\t\t\t\t\t\t\t\t\t<\/span>\n\t\t\t\t\t\t\t\t\t\t<span class=\"elementor-icon-list-text\">Unterlagen f\u00fcr die Objektverwaltung (CAD, BIM, GIS)<\/span>\n\t\t\t\t\t\t\t\t\t<\/li>\n\t\t\t\t\t\t\t\t<li class=\"elementor-icon-list-item\">\n\t\t\t\t\t\t\t\t\t\t\t<span class=\"elementor-icon-list-icon\">\n\t\t\t\t\t\t\t\t\t\t\t\t\t\t\t\t<i class=\"fa fa-check-circle\" aria-hidden=\"true\"><\/i>\n\t\t\t\t\t\t\t\t\t\t\t\t\t<\/span>\n\t\t\t\t\t\t\t\t\t\t<span class=\"elementor-icon-list-text\">Bestandsaufnahme von Objekten (AS-Built Bestandsdokumentation) (CAD, BIM)<\/span>\n\t\t\t\t\t\t\t\t\t<\/li>\n\t\t\t\t\t\t\t\t<li class=\"elementor-icon-list-item\">\n\t\t\t\t\t\t\t\t\t\t\t<span class=\"elementor-icon-list-icon\">\n\t\t\t\t\t\t\t\t\t\t\t\t\t\t\t\t<i class=\"fa fa-check-circle\" aria-hidden=\"true\"><\/i>\n\t\t\t\t\t\t\t\t\t\t\t\t\t<\/span>\n\t\t\t\t\t\t\t\t\t\t<span class=\"elementor-icon-list-text\">Gel\u00e4ndeanalyse und digitales Gel\u00e4ndemodell<\/span>\n\t\t\t\t\t\t\t\t\t<\/li>\n\t\t\t\t\t\t\t\t<li class=\"elementor-icon-list-item\">\n\t\t\t\t\t\t\t\t\t\t\t<span class=\"elementor-icon-list-icon\">\n\t\t\t\t\t\t\t\t\t\t\t\t\t\t\t\t<i class=\"fa fa-check-circle\" aria-hidden=\"true\"><\/i>\n\t\t\t\t\t\t\t\t\t\t\t\t\t<\/span>\n\t\t\t\t\t\t\t\t\t\t<span class=\"elementor-icon-list-text\">Ermittlung von vermietbaren Fl\u00e4chen (BOMA, GIF, RICS, IMPS)<\/span>\n\t\t\t\t\t\t\t\t\t<\/li>\n\t\t\t\t\t\t\t\t<li class=\"elementor-icon-list-item\">\n\t\t\t\t\t\t\t\t\t\t\t<span class=\"elementor-icon-list-icon\">\n\t\t\t\t\t\t\t\t\t\t\t\t\t\t\t\t<i class=\"fa fa-check-circle\" aria-hidden=\"true\"><\/i>\n\t\t\t\t\t\t\t\t\t\t\t\t\t<\/span>\n\t\t\t\t\t\t\t\t\t\t<span class=\"elementor-icon-list-text\">3D-Druck des gescannten Objekts<\/span>\n\t\t\t\t\t\t\t\t\t<\/li>\n\t\t\t\t\t\t<\/ul>\n\t\t\t\t\t\t<\/div>\n\t\t\t\t<\/div>\n\t\t\t\t\t<\/div>\n\t\t<\/div>\n\t\t\t\t\t<\/div>\n\t\t<\/section>\n\t\t\t\t<section class=\"elementor-section elementor-top-section elementor-element elementor-element-bd287c1 elementor-section-height-min-height elementor-section-boxed elementor-section-height-default elementor-section-items-middle\" data-id=\"bd287c1\" data-element_type=\"section\" data-e-type=\"section\">\n\t\t\t\t\t\t<div class=\"elementor-container elementor-column-gap-default\">\n\t\t\t\t\t<div class=\"elementor-column elementor-col-100 elementor-top-column elementor-element elementor-element-ea3e3ee\" data-id=\"ea3e3ee\" data-element_type=\"column\" data-e-type=\"column\">\n\t\t\t<div class=\"elementor-widget-wrap elementor-element-populated\">\n\t\t\t\t\t\t<div class=\"elementor-element elementor-element-c5a7d52 elementor-widget elementor-widget-heading\" data-id=\"c5a7d52\" data-element_type=\"widget\" data-e-type=\"widget\" data-widget_type=\"heading.default\">\n\t\t\t\t<div class=\"elementor-widget-container\">\n\t\t\t\t\t<h2 class=\"elementor-heading-title elementor-size-default\">Punktwolke<\/h2>\t\t\t\t<\/div>\n\t\t\t\t<\/div>\n\t\t\t\t<div class=\"elementor-element elementor-element-9c76716 elementor-widget-divider--view-line elementor-widget elementor-widget-divider\" data-id=\"9c76716\" data-element_type=\"widget\" data-e-type=\"widget\" data-widget_type=\"divider.default\">\n\t\t\t\t<div class=\"elementor-widget-container\">\n\t\t\t\t\t\t\t<div class=\"elementor-divider\">\n\t\t\t<span class=\"elementor-divider-separator\">\n\t\t\t\t\t\t<\/span>\n\t\t<\/div>\n\t\t\t\t\t\t<\/div>\n\t\t\t\t<\/div>\n\t\t\t\t<div class=\"elementor-element elementor-element-3d65d4c elementor-widget elementor-widget-html\" data-id=\"3d65d4c\" data-element_type=\"widget\" data-e-type=\"widget\" data-widget_type=\"html.default\">\n\t\t\t\t<div class=\"elementor-widget-container\">\n\t\t\t\t\t<iframe src=\"https:\/\/3dmodely.geoton.cz\/sonov\/sonov.html\" style=\"border:0px #ffffff none;\" name=\"myiFrame\" scrolling=\"no\" frameborder=\"1\" marginheight=\"0px\" marginwidth=\"0px\" height=\"500px\" width=\"600px\" allowfullscreen><\/iframe>\t\t\t\t<\/div>\n\t\t\t\t<\/div>\n\t\t\t\t\t<\/div>\n\t\t<\/div>\n\t\t\t\t\t<\/div>\n\t\t<\/section>\n\t\t\t\t<section class=\"elementor-section elementor-top-section elementor-element elementor-element-02b0bbc elementor-section-boxed elementor-section-height-default elementor-section-height-default\" data-id=\"02b0bbc\" data-element_type=\"section\" data-e-type=\"section\">\n\t\t\t\t\t\t<div class=\"elementor-container elementor-column-gap-default\">\n\t\t\t\t\t<div class=\"elementor-column elementor-col-100 elementor-top-column elementor-element elementor-element-0debba6\" data-id=\"0debba6\" data-element_type=\"column\" data-e-type=\"column\">\n\t\t\t<div class=\"elementor-widget-wrap elementor-element-populated\">\n\t\t\t\t\t\t<div class=\"elementor-element elementor-element-9c58492 elementor-widget elementor-widget-heading\" data-id=\"9c58492\" data-element_type=\"widget\" data-e-type=\"widget\" data-widget_type=\"heading.default\">\n\t\t\t\t<div class=\"elementor-widget-container\">\n\t\t\t\t\t<h2 class=\"elementor-heading-title elementor-size-default\">PROJEKTE<\/h2>\t\t\t\t<\/div>\n\t\t\t\t<\/div>\n\t\t\t\t<div class=\"elementor-element elementor-element-bac30ea elementor-grid-3 elementor-grid-tablet-2 elementor-grid-mobile-1 elementor-widget elementor-widget-portfolio\" data-id=\"bac30ea\" data-element_type=\"widget\" data-e-type=\"widget\" data-settings=\"{&quot;columns&quot;:&quot;3&quot;,&quot;columns_tablet&quot;:&quot;2&quot;,&quot;columns_mobile&quot;:&quot;1&quot;,&quot;item_ratio&quot;:{&quot;unit&quot;:&quot;px&quot;,&quot;size&quot;:0.66000000000000003,&quot;sizes&quot;:[]},&quot;item_gap&quot;:{&quot;unit&quot;:&quot;px&quot;,&quot;size&quot;:&quot;&quot;,&quot;sizes&quot;:[]},&quot;row_gap&quot;:{&quot;unit&quot;:&quot;px&quot;,&quot;size&quot;:&quot;&quot;,&quot;sizes&quot;:[]}}\" data-widget_type=\"portfolio.default\">\n\t\t\t\t<div class=\"elementor-widget-container\">\n\t\t\t\t\t\t\t<div class=\"elementor-portfolio elementor-grid elementor-posts-container\" role=\"list\">\n\t\t\t\t<article class=\"elementor-portfolio-item elementor-post  post-7674 post type-post status-publish format-standard has-post-thumbnail hentry category-gelaendeanalyse category-luftbildmessung category-orthofoto category-punktewolke category-unkategorisiert\" role=\"listitem\">\n\t\t\t<a class=\"elementor-post__thumbnail__link\" href=\"https:\/\/www.measure2bim.eu\/de\/2021\/12\/01\/luftbildmessungprebischtor\/\">\n\t\t\t\t<div class=\"elementor-portfolio-item__img elementor-post__thumbnail\">\n\t\t\t<img fetchpriority=\"high\" decoding=\"async\" width=\"768\" height=\"432\" src=\"https:\/\/www.measure2bim.eu\/wp-content\/uploads\/2021\/12\/001-768x432.jpg\" class=\"attachment-medium_large size-medium_large wp-image-7633\" alt=\"\" srcset=\"https:\/\/www.measure2bim.eu\/wp-content\/uploads\/2021\/12\/001-768x432.jpg 768w, https:\/\/www.measure2bim.eu\/wp-content\/uploads\/2021\/12\/001-300x169.jpg 300w, https:\/\/www.measure2bim.eu\/wp-content\/uploads\/2021\/12\/001-1024x576.jpg 1024w, https:\/\/www.measure2bim.eu\/wp-content\/uploads\/2021\/12\/001-1536x864.jpg 1536w, https:\/\/www.measure2bim.eu\/wp-content\/uploads\/2021\/12\/001-2048x1152.jpg 2048w\" sizes=\"(max-width: 768px) 100vw, 768px\" \/>\t\t<\/div>\n\t\t\t\t<div class=\"elementor-portfolio-item__overlay\">\n\t\t\t\t<h3 class=\"elementor-portfolio-item__title\">\n\t\tLuftbildmessung<br>Prebischtor\t\t<\/h3>\n\t\t\t\t<\/div>\n\t\t\t\t<\/a>\n\t\t<\/article>\n\t\t\t\t<article class=\"elementor-portfolio-item elementor-post  post-7486 post type-post status-publish format-standard has-post-thumbnail hentry category-360-foto-viewer category-3d-laserscanning category-cad-dokumentation category-luftbildmessung category-orthofoto category-punktewolke\" role=\"listitem\">\n\t\t\t<a class=\"elementor-post__thumbnail__link\" href=\"https:\/\/www.measure2bim.eu\/de\/2021\/11\/19\/cad-projekt-burg-slavin\/\">\n\t\t\t\t<div class=\"elementor-portfolio-item__img elementor-post__thumbnail\">\n\t\t\t<img decoding=\"async\" width=\"768\" height=\"432\" src=\"https:\/\/www.measure2bim.eu\/wp-content\/uploads\/2021\/11\/03HQ--768x432.jpg\" class=\"attachment-medium_large size-medium_large wp-image-7474\" alt=\"Leteck\u00e9 zam\u011b\u0159en\u00ed a laserov\u00e9 skenov\u00e1n\u00ed\" srcset=\"https:\/\/www.measure2bim.eu\/wp-content\/uploads\/2021\/11\/03HQ--768x432.jpg 768w, https:\/\/www.measure2bim.eu\/wp-content\/uploads\/2021\/11\/03HQ--300x169.jpg 300w, https:\/\/www.measure2bim.eu\/wp-content\/uploads\/2021\/11\/03HQ--1024x576.jpg 1024w, https:\/\/www.measure2bim.eu\/wp-content\/uploads\/2021\/11\/03HQ--1536x864.jpg 1536w, https:\/\/www.measure2bim.eu\/wp-content\/uploads\/2021\/11\/03HQ--2048x1152.jpg 2048w\" sizes=\"(max-width: 768px) 100vw, 768px\" \/>\t\t<\/div>\n\t\t\t\t<div class=\"elementor-portfolio-item__overlay\">\n\t\t\t\t<h3 class=\"elementor-portfolio-item__title\">\n\t\tCAD-Projekt <br> Burg Slavin\t\t<\/h3>\n\t\t\t\t<\/div>\n\t\t\t\t<\/a>\n\t\t<\/article>\n\t\t\t\t<article class=\"elementor-portfolio-item elementor-post  post-7219 post type-post status-publish format-standard has-post-thumbnail hentry category-luftbildmessung category-orthofoto category-punktewolke category-texturiertes-3d-modell category-unkategorisiert\" role=\"listitem\">\n\t\t\t<a class=\"elementor-post__thumbnail__link\" href=\"https:\/\/www.measure2bim.eu\/de\/2021\/08\/27\/luftbildmessungburg-loket\/\">\n\t\t\t\t<div class=\"elementor-portfolio-item__img elementor-post__thumbnail\">\n\t\t\t<img decoding=\"async\" width=\"768\" height=\"432\" src=\"https:\/\/www.measure2bim.eu\/wp-content\/uploads\/2021\/03\/TITLE_LOKET-768x432.jpg\" class=\"attachment-medium_large size-medium_large wp-image-6698\" alt=\"\" srcset=\"https:\/\/www.measure2bim.eu\/wp-content\/uploads\/2021\/03\/TITLE_LOKET-768x432.jpg 768w, https:\/\/www.measure2bim.eu\/wp-content\/uploads\/2021\/03\/TITLE_LOKET-300x169.jpg 300w, https:\/\/www.measure2bim.eu\/wp-content\/uploads\/2021\/03\/TITLE_LOKET-1024x576.jpg 1024w\" sizes=\"(max-width: 768px) 100vw, 768px\" \/>\t\t<\/div>\n\t\t\t\t<div class=\"elementor-portfolio-item__overlay\">\n\t\t\t\t<h3 class=\"elementor-portfolio-item__title\">\n\t\tLuftbildmessung<br>Burg Loket\t\t<\/h3>\n\t\t\t\t<\/div>\n\t\t\t\t<\/a>\n\t\t<\/article>\n\t\t\t\t<\/div>\n\t\t\t\t\t\t<\/div>\n\t\t\t\t<\/div>\n\t\t\t\t\t<\/div>\n\t\t<\/div>\n\t\t\t\t\t<\/div>\n\t\t<\/section>\n\t\t\t\t<\/div>\n\t\t","protected":false},"excerpt":{"rendered":"<p class=\"excerpt\">3D-Laserscanning Was ist 3D-Laserscanning? Zur Vermessung von bestehenden Objekten nutzen wir die Technologie 3D-Laserscanning in Kombination mit Photogrammetrie und klassischen Vermessungsmethoden. Die Datenerfassung erfolgt im Vergleich mit den klassischen Verfahren um ein Vielfaches schneller und erm\u00f6glicht eine umfassendere Vermessung (3D-Modell).Das Scanning l\u00e4sst sich bei vollem Geb\u00e4udebetrieb durchf\u00fchren. Das Ergebnis des 3D-Laserscannings ist ein 3D-Modell des [&hellip;]<\/p>\n","protected":false},"author":5,"featured_media":0,"parent":0,"menu_order":0,"comment_status":"closed","ping_status":"closed","template":"template-blank.php","meta":{"footnotes":""},"class_list":["post-5511","page","type-page","status-publish","hentry"],"yoast_head":"<!-- This site is optimized with the Yoast SEO plugin v22.1 - https:\/\/yoast.com\/wordpress\/plugins\/seo\/ -->\n<title>3D-Laserscanning - Measure2BIM<\/title>\n<meta name=\"description\" content=\"Das Ergebnis des 3D-Laserscannings ist ein 3D-Modell des gescannten Objekts in Form einer sog. Punktewolke, die sich in Ihre CAD- und BIM-Software importieren l\u00e4sst.\" \/>\n<meta name=\"robots\" content=\"index, follow, max-snippet:-1, max-image-preview:large, max-video-preview:-1\" \/>\n<link rel=\"canonical\" href=\"https:\/\/www.measure2bim.eu\/3d-laserove-skenovani\/\" \/>\n<meta property=\"og:locale\" content=\"de_DE\" \/>\n<meta property=\"og:type\" content=\"article\" \/>\n<meta property=\"og:title\" content=\"3D-Laserscanning - Measure2BIM\" \/>\n<meta property=\"og:description\" content=\"Das Ergebnis des 3D-Laserscannings ist ein 3D-Modell des gescannten Objekts in Form einer sog. Punktewolke, die sich in Ihre CAD- und BIM-Software importieren l\u00e4sst.\" \/>\n<meta property=\"og:url\" content=\"https:\/\/www.measure2bim.eu\/3d-laserove-skenovani\/\" \/>\n<meta property=\"og:site_name\" content=\"Measure2BIM\" \/>\n<meta property=\"article:publisher\" content=\"https:\/\/www.facebook.com\/measure2BIM\/\" \/>\n<meta property=\"article:modified_time\" content=\"2020-10-08T11:00:32+00:00\" \/>\n<meta name=\"twitter:card\" content=\"summary_large_image\" \/>\n<meta name=\"twitter:label1\" content=\"Gesch\u00e4tzte Lesezeit\" \/>\n\t<meta name=\"twitter:data1\" content=\"1\u00a0Minute\" \/>\n<script type=\"application\/ld+json\" class=\"yoast-schema-graph\">{\"@context\":\"https:\/\/schema.org\",\"@graph\":[{\"@type\":\"WebPage\",\"@id\":\"https:\/\/www.measure2bim.eu\/3d-laserove-skenovani\/\",\"url\":\"https:\/\/www.measure2bim.eu\/3d-laserove-skenovani\/\",\"name\":\"3D-Laserscanning - Measure2BIM\",\"isPartOf\":{\"@id\":\"https:\/\/www.measure2bim.eu\/#website\"},\"datePublished\":\"2019-11-13T15:41:17+00:00\",\"dateModified\":\"2020-10-08T11:00:32+00:00\",\"description\":\"Das Ergebnis des 3D-Laserscannings ist ein 3D-Modell des gescannten Objekts in Form einer sog. Punktewolke, die sich in Ihre CAD- und BIM-Software importieren l\u00e4sst.\",\"breadcrumb\":{\"@id\":\"https:\/\/www.measure2bim.eu\/3d-laserove-skenovani\/#breadcrumb\"},\"inLanguage\":\"de\",\"potentialAction\":[{\"@type\":\"ReadAction\",\"target\":[\"https:\/\/www.measure2bim.eu\/3d-laserove-skenovani\/\"]}]},{\"@type\":\"BreadcrumbList\",\"@id\":\"https:\/\/www.measure2bim.eu\/3d-laserove-skenovani\/#breadcrumb\",\"itemListElement\":[{\"@type\":\"ListItem\",\"position\":1,\"name\":\"\u00davod\",\"item\":\"http:\/\/www.measure2bim.eu\/de\/\"},{\"@type\":\"ListItem\",\"position\":2,\"name\":\"3D-Laserscanning\"}]},{\"@type\":\"WebSite\",\"@id\":\"https:\/\/www.measure2bim.eu\/#website\",\"url\":\"https:\/\/www.measure2bim.eu\/\",\"name\":\"Measure2BIM\",\"description\":\"Specialist\u00e9 na 3D skenov\u00e1n\u00ed a BIM\",\"potentialAction\":[{\"@type\":\"SearchAction\",\"target\":{\"@type\":\"EntryPoint\",\"urlTemplate\":\"https:\/\/www.measure2bim.eu\/?s={search_term_string}\"},\"query-input\":\"required name=search_term_string\"}],\"inLanguage\":\"de\"}]}<\/script>\n<!-- \/ Yoast SEO plugin. -->","yoast_head_json":{"title":"3D-Laserscanning - Measure2BIM","description":"Das Ergebnis des 3D-Laserscannings ist ein 3D-Modell des gescannten Objekts in Form einer sog. Punktewolke, die sich in Ihre CAD- und BIM-Software importieren l\u00e4sst.","robots":{"index":"index","follow":"follow","max-snippet":"max-snippet:-1","max-image-preview":"max-image-preview:large","max-video-preview":"max-video-preview:-1"},"canonical":"https:\/\/www.measure2bim.eu\/3d-laserove-skenovani\/","og_locale":"de_DE","og_type":"article","og_title":"3D-Laserscanning - Measure2BIM","og_description":"Das Ergebnis des 3D-Laserscannings ist ein 3D-Modell des gescannten Objekts in Form einer sog. Punktewolke, die sich in Ihre CAD- und BIM-Software importieren l\u00e4sst.","og_url":"https:\/\/www.measure2bim.eu\/3d-laserove-skenovani\/","og_site_name":"Measure2BIM","article_publisher":"https:\/\/www.facebook.com\/measure2BIM\/","article_modified_time":"2020-10-08T11:00:32+00:00","twitter_card":"summary_large_image","twitter_misc":{"Gesch\u00e4tzte Lesezeit":"1\u00a0Minute"},"schema":{"@context":"https:\/\/schema.org","@graph":[{"@type":"WebPage","@id":"https:\/\/www.measure2bim.eu\/3d-laserove-skenovani\/","url":"https:\/\/www.measure2bim.eu\/3d-laserove-skenovani\/","name":"3D-Laserscanning - Measure2BIM","isPartOf":{"@id":"https:\/\/www.measure2bim.eu\/#website"},"datePublished":"2019-11-13T15:41:17+00:00","dateModified":"2020-10-08T11:00:32+00:00","description":"Das Ergebnis des 3D-Laserscannings ist ein 3D-Modell des gescannten Objekts in Form einer sog. Punktewolke, die sich in Ihre CAD- und BIM-Software importieren l\u00e4sst.","breadcrumb":{"@id":"https:\/\/www.measure2bim.eu\/3d-laserove-skenovani\/#breadcrumb"},"inLanguage":"de","potentialAction":[{"@type":"ReadAction","target":["https:\/\/www.measure2bim.eu\/3d-laserove-skenovani\/"]}]},{"@type":"BreadcrumbList","@id":"https:\/\/www.measure2bim.eu\/3d-laserove-skenovani\/#breadcrumb","itemListElement":[{"@type":"ListItem","position":1,"name":"\u00davod","item":"http:\/\/www.measure2bim.eu\/de\/"},{"@type":"ListItem","position":2,"name":"3D-Laserscanning"}]},{"@type":"WebSite","@id":"https:\/\/www.measure2bim.eu\/#website","url":"https:\/\/www.measure2bim.eu\/","name":"Measure2BIM","description":"Specialist\u00e9 na 3D skenov\u00e1n\u00ed a BIM","potentialAction":[{"@type":"SearchAction","target":{"@type":"EntryPoint","urlTemplate":"https:\/\/www.measure2bim.eu\/?s={search_term_string}"},"query-input":"required name=search_term_string"}],"inLanguage":"de"}]}},"_links":{"self":[{"href":"https:\/\/www.measure2bim.eu\/de\/wp-json\/wp\/v2\/pages\/5511","targetHints":{"allow":["GET"]}}],"collection":[{"href":"https:\/\/www.measure2bim.eu\/de\/wp-json\/wp\/v2\/pages"}],"about":[{"href":"https:\/\/www.measure2bim.eu\/de\/wp-json\/wp\/v2\/types\/page"}],"author":[{"embeddable":true,"href":"https:\/\/www.measure2bim.eu\/de\/wp-json\/wp\/v2\/users\/5"}],"replies":[{"embeddable":true,"href":"https:\/\/www.measure2bim.eu\/de\/wp-json\/wp\/v2\/comments?post=5511"}],"version-history":[{"count":9,"href":"https:\/\/www.measure2bim.eu\/de\/wp-json\/wp\/v2\/pages\/5511\/revisions"}],"predecessor-version":[{"id":6281,"href":"https:\/\/www.measure2bim.eu\/de\/wp-json\/wp\/v2\/pages\/5511\/revisions\/6281"}],"wp:attachment":[{"href":"https:\/\/www.measure2bim.eu\/de\/wp-json\/wp\/v2\/media?parent=5511"}],"curies":[{"name":"wp","href":"https:\/\/api.w.org\/{rel}","templated":true}]}}