{"id":1603,"date":"2019-03-27T13:43:55","date_gmt":"2019-03-27T12:43:55","guid":{"rendered":"https:\/\/www.measure2bim.eu\/?page_id=1603"},"modified":"2020-10-07T14:49:45","modified_gmt":"2020-10-07T12:49:45","slug":"impressum","status":"publish","type":"page","link":"http:\/\/www.measure2bim.eu\/de\/impressum\/","title":{"rendered":"Impressum"},"content":{"rendered":"\t\t<div data-elementor-type=\"wp-post\" data-elementor-id=\"1603\" class=\"elementor elementor-1603\" data-elementor-post-type=\"page\">\n\t\t\t\t\t\t<section class=\"elementor-section elementor-top-section elementor-element elementor-element-73a6019 elementor-section-height-min-height elementor-section-content-middle elementor-section-boxed elementor-section-height-default elementor-section-items-middle\" data-id=\"73a6019\" data-element_type=\"section\" data-e-type=\"section\" data-settings=\"{&quot;background_background&quot;:&quot;classic&quot;}\">\n\t\t\t\t\t\t\t<div class=\"elementor-background-overlay\"><\/div>\n\t\t\t\t\t\t\t<div class=\"elementor-container elementor-column-gap-default\">\n\t\t\t\t\t<div class=\"elementor-column elementor-col-100 elementor-top-column elementor-element elementor-element-bca0d7a\" data-id=\"bca0d7a\" data-element_type=\"column\" data-e-type=\"column\">\n\t\t\t<div class=\"elementor-widget-wrap elementor-element-populated\">\n\t\t\t\t\t\t<div class=\"elementor-element elementor-element-7f3d2d6 elementor-widget elementor-widget-heading\" data-id=\"7f3d2d6\" data-element_type=\"widget\" data-e-type=\"widget\" data-widget_type=\"heading.default\">\n\t\t\t\t<div class=\"elementor-widget-container\">\n\t\t\t\t\t<h2 class=\"elementor-heading-title elementor-size-default\">Impressum<\/h2>\t\t\t\t<\/div>\n\t\t\t\t<\/div>\n\t\t\t\t\t<\/div>\n\t\t<\/div>\n\t\t\t\t\t<\/div>\n\t\t<\/section>\n\t\t\t\t<section class=\"elementor-section elementor-top-section elementor-element elementor-element-612c6c2 elementor-section-boxed elementor-section-height-default elementor-section-height-default\" data-id=\"612c6c2\" data-element_type=\"section\" data-e-type=\"section\">\n\t\t\t\t\t\t<div class=\"elementor-container elementor-column-gap-default\">\n\t\t\t\t\t<div class=\"elementor-column elementor-col-100 elementor-top-column elementor-element elementor-element-4654c10\" data-id=\"4654c10\" data-element_type=\"column\" data-e-type=\"column\">\n\t\t\t<div class=\"elementor-widget-wrap elementor-element-populated\">\n\t\t\t\t\t\t<div class=\"elementor-element elementor-element-067f4dd elementor-widget elementor-widget-heading\" data-id=\"067f4dd\" data-element_type=\"widget\" data-e-type=\"widget\" data-widget_type=\"heading.default\">\n\t\t\t\t<div class=\"elementor-widget-container\">\n\t\t\t\t\t<h2 class=\"elementor-heading-title elementor-size-default\">Gesetzliche Informationen zu\u00a0Measure2BIM<\/h2>\t\t\t\t<\/div>\n\t\t\t\t<\/div>\n\t\t\t\t<div class=\"elementor-element elementor-element-59358da elementor-widget elementor-widget-text-editor\" data-id=\"59358da\" data-element_type=\"widget\" data-e-type=\"widget\" data-widget_type=\"text-editor.default\">\n\t\t\t\t<div class=\"elementor-widget-container\">\n\t\t\t\t\t\t\t\t\t<p>Verantwortlich f\u00fcr den Inhalt:<\/p><p><span style=\"font-size: 1.5rem;\">\u00a0<\/span><\/p><p><strong><span style=\"font-size: 1.5rem;\">GEOTON CZ s.r.o.<\/span><\/strong><\/p><p><span style=\"font-size: 1.5rem;\">\u00a0<\/span><\/p><p>Divi\u0161ovsk\u00e1 235\/24<br \/>149 00 Praha 4 &#8211; CHODOV<\/p><p><span style=\"font-size: 1.5rem;\">\u00a0<\/span><\/p><p><span style=\"font-size: 1.5rem;\">Telefon:\u00a0<strong>+420 774 766 441<\/strong><\/span><\/p><p><span style=\"font-size: 1.5rem;\">\u00a0<\/span><\/p><p>E-Mail:\u00a0<span style=\"text-decoration: underline;\"><a href=\"mailto:info@measure2bim.eu\">info@measure2bim.eu<\/a><\/span><\/p><p>\u00a0<\/p><p>Gesch\u00e4ftsf\u00fchrende Direktoren: Ing. Ji\u0159\u00ed Brablc<\/p><p><span style=\"font-size: 1.5rem;\">\u00a0<\/span><\/p><p><span style=\"font-size: 1.5rem;\">Handelsregister:\u00a0Stadtgericht Prag, C128610<\/span><\/p><p><span style=\"font-size: 1.5rem;\">\u00a0<\/span><\/p><p>Identifikationsnr. (I\u010c:): 27947629<br \/>Umsatzsteueridentifikationsnr. (DI\u010c:): CZ 27947629<\/p><p>\u00a0<\/p><p><strong>Hinweis<\/strong>:<br \/>Die EU-Kommission bietet die M\u00f6glichkeit zur Online-Streitbeilegung auf einer von ihr betriebenen Online-Plattform. Diese Plattform ist \u00fcber den externen Link<a class=\"p_link--1st\" href=\"http:\/\/ec.europa.eu\/consumers\/odr\/\" target=\"_blank\" rel=\"noopener\">\u00a0http:\/\/ec.europa.eu\/consumers\/odr\/<\/a>\u00a0zu erreichen. Zu einer Teilnahme an einem Schlichtungsverfahren sind wir nicht verpflichtet und k\u00f6nnen die Teilnahme an einem solchen Verfahren leider auch nicht anbieten.<\/p>\t\t\t\t\t\t\t\t<\/div>\n\t\t\t\t<\/div>\n\t\t\t\t\t<\/div>\n\t\t<\/div>\n\t\t\t\t\t<\/div>\n\t\t<\/section>\n\t\t\t\t<\/div>\n\t\t","protected":false},"excerpt":{"rendered":"<p class=\"excerpt\">Impressum Gesetzliche Informationen zu\u00a0Measure2BIM Verantwortlich f\u00fcr den Inhalt: \u00a0 GEOTON CZ s.r.o. \u00a0 Divi\u0161ovsk\u00e1 235\/24149 00 Praha 4 &#8211; CHODOV \u00a0 Telefon:\u00a0+420 774 766 441 \u00a0 E-Mail:\u00a0info@measure2bim.eu \u00a0 Gesch\u00e4ftsf\u00fchrende Direktoren: Ing. Ji\u0159\u00ed Brablc \u00a0 Handelsregister:\u00a0Stadtgericht Prag, C128610 \u00a0 Identifikationsnr. (I\u010c:): 27947629Umsatzsteueridentifikationsnr. (DI\u010c:): CZ 27947629 \u00a0 Hinweis:Die EU-Kommission bietet die M\u00f6glichkeit zur Online-Streitbeilegung auf einer von [&hellip;]<\/p>\n","protected":false},"author":5,"featured_media":0,"parent":0,"menu_order":0,"comment_status":"closed","ping_status":"closed","template":"template-blank.php","meta":{"footnotes":""},"class_list":["post-1603","page","type-page","status-publish","hentry"],"yoast_head":"<!-- This site is optimized with the Yoast SEO plugin v22.1 - https:\/\/yoast.com\/wordpress\/plugins\/seo\/ -->\n<title>Impressum - Measure2BIM<\/title>\n<meta name=\"description\" content=\"GEOTON CZ s.r.o. Divi\u0161ovsk\u00e1 235\/24149 00 Praha 4 \u2013 CHODOV E-mail: info@measure2bim.eu Identifikationsnr: 27947629 Umsatzsteueridentifikationsnr CZ 27947629\" \/>\n<meta name=\"robots\" content=\"index, follow, max-snippet:-1, max-image-preview:large, max-video-preview:-1\" \/>\n<link rel=\"canonical\" href=\"https:\/\/www.measure2bim.eu\/de\/impressum\/\" \/>\n<meta property=\"og:locale\" content=\"de_DE\" \/>\n<meta property=\"og:type\" content=\"article\" \/>\n<meta property=\"og:title\" content=\"Impressum - Measure2BIM\" \/>\n<meta property=\"og:description\" content=\"GEOTON CZ s.r.o. Divi\u0161ovsk\u00e1 235\/24149 00 Praha 4 \u2013 CHODOV E-mail: info@measure2bim.eu Identifikationsnr: 27947629 Umsatzsteueridentifikationsnr CZ 27947629\" \/>\n<meta property=\"og:url\" content=\"https:\/\/www.measure2bim.eu\/de\/impressum\/\" \/>\n<meta property=\"og:site_name\" content=\"Measure2BIM\" \/>\n<meta property=\"article:publisher\" content=\"https:\/\/www.facebook.com\/measure2BIM\/\" \/>\n<meta property=\"article:modified_time\" content=\"2020-10-07T12:49:45+00:00\" \/>\n<meta name=\"twitter:card\" content=\"summary_large_image\" \/>\n<script type=\"application\/ld+json\" class=\"yoast-schema-graph\">{\"@context\":\"https:\/\/schema.org\",\"@graph\":[{\"@type\":\"WebPage\",\"@id\":\"https:\/\/www.measure2bim.eu\/de\/impressum\/\",\"url\":\"https:\/\/www.measure2bim.eu\/de\/impressum\/\",\"name\":\"Impressum - Measure2BIM\",\"isPartOf\":{\"@id\":\"https:\/\/www.measure2bim.eu\/#website\"},\"datePublished\":\"2019-03-27T12:43:55+00:00\",\"dateModified\":\"2020-10-07T12:49:45+00:00\",\"description\":\"GEOTON CZ s.r.o. Divi\u0161ovsk\u00e1 235\/24149 00 Praha 4 \u2013 CHODOV E-mail: info@measure2bim.eu Identifikationsnr: 27947629 Umsatzsteueridentifikationsnr CZ 27947629\",\"breadcrumb\":{\"@id\":\"https:\/\/www.measure2bim.eu\/de\/impressum\/#breadcrumb\"},\"inLanguage\":\"de\",\"potentialAction\":[{\"@type\":\"ReadAction\",\"target\":[\"https:\/\/www.measure2bim.eu\/de\/impressum\/\"]}]},{\"@type\":\"BreadcrumbList\",\"@id\":\"https:\/\/www.measure2bim.eu\/de\/impressum\/#breadcrumb\",\"itemListElement\":[{\"@type\":\"ListItem\",\"position\":1,\"name\":\"\u00davod\",\"item\":\"http:\/\/www.measure2bim.eu\/de\/\"},{\"@type\":\"ListItem\",\"position\":2,\"name\":\"Impressum\"}]},{\"@type\":\"WebSite\",\"@id\":\"https:\/\/www.measure2bim.eu\/#website\",\"url\":\"https:\/\/www.measure2bim.eu\/\",\"name\":\"Measure2BIM\",\"description\":\"Specialist\u00e9 na 3D skenov\u00e1n\u00ed a BIM\",\"potentialAction\":[{\"@type\":\"SearchAction\",\"target\":{\"@type\":\"EntryPoint\",\"urlTemplate\":\"https:\/\/www.measure2bim.eu\/?s={search_term_string}\"},\"query-input\":\"required name=search_term_string\"}],\"inLanguage\":\"de\"}]}<\/script>\n<!-- \/ Yoast SEO plugin. -->","yoast_head_json":{"title":"Impressum - Measure2BIM","description":"GEOTON CZ s.r.o. Divi\u0161ovsk\u00e1 235\/24149 00 Praha 4 \u2013 CHODOV E-mail: info@measure2bim.eu Identifikationsnr: 27947629 Umsatzsteueridentifikationsnr CZ 27947629","robots":{"index":"index","follow":"follow","max-snippet":"max-snippet:-1","max-image-preview":"max-image-preview:large","max-video-preview":"max-video-preview:-1"},"canonical":"https:\/\/www.measure2bim.eu\/de\/impressum\/","og_locale":"de_DE","og_type":"article","og_title":"Impressum - Measure2BIM","og_description":"GEOTON CZ s.r.o. Divi\u0161ovsk\u00e1 235\/24149 00 Praha 4 \u2013 CHODOV E-mail: info@measure2bim.eu Identifikationsnr: 27947629 Umsatzsteueridentifikationsnr CZ 27947629","og_url":"https:\/\/www.measure2bim.eu\/de\/impressum\/","og_site_name":"Measure2BIM","article_publisher":"https:\/\/www.facebook.com\/measure2BIM\/","article_modified_time":"2020-10-07T12:49:45+00:00","twitter_card":"summary_large_image","schema":{"@context":"https:\/\/schema.org","@graph":[{"@type":"WebPage","@id":"https:\/\/www.measure2bim.eu\/de\/impressum\/","url":"https:\/\/www.measure2bim.eu\/de\/impressum\/","name":"Impressum - Measure2BIM","isPartOf":{"@id":"https:\/\/www.measure2bim.eu\/#website"},"datePublished":"2019-03-27T12:43:55+00:00","dateModified":"2020-10-07T12:49:45+00:00","description":"GEOTON CZ s.r.o. Divi\u0161ovsk\u00e1 235\/24149 00 Praha 4 \u2013 CHODOV E-mail: info@measure2bim.eu Identifikationsnr: 27947629 Umsatzsteueridentifikationsnr CZ 27947629","breadcrumb":{"@id":"https:\/\/www.measure2bim.eu\/de\/impressum\/#breadcrumb"},"inLanguage":"de","potentialAction":[{"@type":"ReadAction","target":["https:\/\/www.measure2bim.eu\/de\/impressum\/"]}]},{"@type":"BreadcrumbList","@id":"https:\/\/www.measure2bim.eu\/de\/impressum\/#breadcrumb","itemListElement":[{"@type":"ListItem","position":1,"name":"\u00davod","item":"http:\/\/www.measure2bim.eu\/de\/"},{"@type":"ListItem","position":2,"name":"Impressum"}]},{"@type":"WebSite","@id":"https:\/\/www.measure2bim.eu\/#website","url":"https:\/\/www.measure2bim.eu\/","name":"Measure2BIM","description":"Specialist\u00e9 na 3D skenov\u00e1n\u00ed a BIM","potentialAction":[{"@type":"SearchAction","target":{"@type":"EntryPoint","urlTemplate":"https:\/\/www.measure2bim.eu\/?s={search_term_string}"},"query-input":"required name=search_term_string"}],"inLanguage":"de"}]}},"_links":{"self":[{"href":"http:\/\/www.measure2bim.eu\/de\/wp-json\/wp\/v2\/pages\/1603","targetHints":{"allow":["GET"]}}],"collection":[{"href":"http:\/\/www.measure2bim.eu\/de\/wp-json\/wp\/v2\/pages"}],"about":[{"href":"http:\/\/www.measure2bim.eu\/de\/wp-json\/wp\/v2\/types\/page"}],"author":[{"embeddable":true,"href":"http:\/\/www.measure2bim.eu\/de\/wp-json\/wp\/v2\/users\/5"}],"replies":[{"embeddable":true,"href":"http:\/\/www.measure2bim.eu\/de\/wp-json\/wp\/v2\/comments?post=1603"}],"version-history":[{"count":11,"href":"http:\/\/www.measure2bim.eu\/de\/wp-json\/wp\/v2\/pages\/1603\/revisions"}],"predecessor-version":[{"id":6276,"href":"http:\/\/www.measure2bim.eu\/de\/wp-json\/wp\/v2\/pages\/1603\/revisions\/6276"}],"wp:attachment":[{"href":"http:\/\/www.measure2bim.eu\/de\/wp-json\/wp\/v2\/media?parent=1603"}],"curies":[{"name":"wp","href":"https:\/\/api.w.org\/{rel}","templated":true}]}}